{"id":4697,"date":"2025-01-28T13:03:32","date_gmt":"2025-01-28T16:03:32","guid":{"rendered":"https:\/\/newexpo.com.br\/?page_id=4697"},"modified":"2025-06-15T18:06:08","modified_gmt":"2025-06-15T21:06:08","slug":"feiras","status":"publish","type":"page","link":"https:\/\/newexpo.com.br\/en\/feiras\/","title":{"rendered":"Fairs"},"content":{"rendered":"<div data-elementor-type=\"wp-page\" data-elementor-id=\"4697\" class=\"elementor elementor-4697\" data-elementor-post-type=\"page\">\n\t\t\t\t<div class=\"elementor-element elementor-element-32e440e elementor-hidden-tablet elementor-hidden-mobile e-flex e-con-boxed e-con e-parent\" data-id=\"32e440e\" data-element_type=\"container\" data-e-type=\"container\" data-settings=\"{&quot;background_background&quot;:&quot;classic&quot;}\">\n\t\t\t\t\t<div class=\"e-con-inner\">\n\t\t\t\t<div class=\"elementor-element elementor-element-f792802 elementor-widget__width-initial elementor-absolute elementor-hidden-tablet elementor-hidden-mobile elementor-skin-carousel elementor-widget elementor-widget-media-carousel\" data-id=\"f792802\" data-element_type=\"widget\" data-e-type=\"widget\" data-settings=\"{&quot;slides_per_view&quot;:&quot;1&quot;,&quot;_position&quot;:&quot;absolute&quot;,&quot;skin&quot;:&quot;carousel&quot;,&quot;effect&quot;:&quot;slide&quot;,&quot;speed&quot;:500,&quot;autoplay&quot;:&quot;yes&quot;,&quot;autoplay_speed&quot;:5000,&quot;loop&quot;:&quot;yes&quot;,&quot;pause_on_hover&quot;:&quot;yes&quot;,&quot;pause_on_interaction&quot;:&quot;yes&quot;,&quot;space_between&quot;:{&quot;unit&quot;:&quot;px&quot;,&quot;size&quot;:10,&quot;sizes&quot;:[]},&quot;space_between_laptop&quot;:{&quot;unit&quot;:&quot;px&quot;,&quot;size&quot;:10,&quot;sizes&quot;:[]},&quot;space_between_tablet&quot;:{&quot;unit&quot;:&quot;px&quot;,&quot;size&quot;:10,&quot;sizes&quot;:[]},&quot;space_between_mobile&quot;:{&quot;unit&quot;:&quot;px&quot;,&quot;size&quot;:10,&quot;sizes&quot;:[]}}\" data-widget_type=\"media-carousel.default\">\n\t\t\t\t\t\t\t\t\t\t<div class=\"elementor-main-swiper swiper\" role=\"region\" aria-roledescription=\"carousel\" aria-label=\"Slides\">\n\t\t\t\t<div class=\"swiper-wrapper\">\n\t\t\t\t\t\t\t\t\t\t\t<div class=\"swiper-slide\" role=\"group\" aria-roledescription=\"slide\">\n\t\t\t\t\t\t\t\t\t<div class=\"elementor-carousel-image\" role=\"img\" aria-label=\"Sem T\u00edtulo 1 Dsa - Empresa de Log\u00edstica em S\u00e3o Paulo | New Expo\" style=\"background-image: url(&#039;https:\/\/newexpo.com.br\/wp-content\/uploads\/2025\/01\/Sem-Titulo-1-dsa.jpg&#039;)\">\n\n\t\t\t\n\t\t\t\t\t<\/div>\n\t\t\t\t\t\t\t\t<\/div>\n\t\t\t\t\t\t\t\t\t<\/div>\n\t\t\t\t\t\t\t<\/div>\n\t\t\t\t\t\t\t\t<\/div>\n\t\t\t\t<div class=\"elementor-element elementor-element-787f2b5 elementor-widget__width-initial elementor-absolute elementor-hidden-tablet elementor-hidden-mobile elementor-skin-carousel elementor-widget elementor-widget-media-carousel\" data-id=\"787f2b5\" data-element_type=\"widget\" data-e-type=\"widget\" data-settings=\"{&quot;slides_per_view&quot;:&quot;1&quot;,&quot;_position&quot;:&quot;absolute&quot;,&quot;slides_to_scroll&quot;:&quot;1&quot;,&quot;skin&quot;:&quot;carousel&quot;,&quot;effect&quot;:&quot;slide&quot;,&quot;speed&quot;:500,&quot;autoplay&quot;:&quot;yes&quot;,&quot;autoplay_speed&quot;:5000,&quot;loop&quot;:&quot;yes&quot;,&quot;pause_on_hover&quot;:&quot;yes&quot;,&quot;pause_on_interaction&quot;:&quot;yes&quot;,&quot;space_between&quot;:{&quot;unit&quot;:&quot;px&quot;,&quot;size&quot;:10,&quot;sizes&quot;:[]},&quot;space_between_laptop&quot;:{&quot;unit&quot;:&quot;px&quot;,&quot;size&quot;:10,&quot;sizes&quot;:[]},&quot;space_between_tablet&quot;:{&quot;unit&quot;:&quot;px&quot;,&quot;size&quot;:10,&quot;sizes&quot;:[]},&quot;space_between_mobile&quot;:{&quot;unit&quot;:&quot;px&quot;,&quot;size&quot;:10,&quot;sizes&quot;:[]}}\" data-widget_type=\"media-carousel.default\">\n\t\t\t\t\t\t\t\t\t\t<div class=\"elementor-main-swiper swiper\" role=\"region\" aria-roledescription=\"carousel\" aria-label=\"Slides\">\n\t\t\t\t<div class=\"swiper-wrapper\">\n\t\t\t\t\t\t\t\t\t\t\t<div class=\"swiper-slide\" role=\"group\" aria-roledescription=\"slide\">\n\t\t\t\t\t\t\t<a href=\"https:\/\/newexpo.com.br\/wp-content\/uploads\/2025\/02\/maxresdefault-4-sa-sss.jpg\" data-elementor-open-lightbox=\"yes\" data-elementor-lightbox-slideshow=\"787f2b5\" data-elementor-lightbox-title=\"Maxresdefault 4 Sa Sss - Empresa de Log\u00edstica em S\u00e3o Paulo | New Expo\" data-elementor-lightbox-description=\"Maxresdefault 4 Sa Sss - Empresa de Log\u00edstica em S\u00e3o Paulo | New Expo\" data-e-action-hash=\"#elementor-action%3Aaction%3Dlightbox%26settings%3DeyJpZCI6NTAzNSwidXJsIjoiaHR0cHM6XC9cL25ld2V4cG8uY29tLmJyXC93cC1jb250ZW50XC91cGxvYWRzXC8yMDI1XC8wMlwvbWF4cmVzZGVmYXVsdC00LXNhLXNzcy5qcGciLCJzbGlkZXNob3ciOiI3ODdmMmI1In0%3D\" data-elementor-lightbox-video=\"https:\/\/www.youtube.com\/embed\/6ZTUUcR9KAg?feature=oembed&amp;autoplay=1&amp;rel=0&amp;controls=0\">\t\t<div class=\"elementor-carousel-image\" role=\"img\" aria-label=\"Maxresdefault 4 Sa Sss - Empresa de Log\u00edstica em S\u00e3o Paulo | New Expo\" style=\"background-image: url(&#039;https:\/\/newexpo.com.br\/wp-content\/uploads\/2025\/02\/maxresdefault-4-sa-sss.jpg&#039;)\">\n\n\t\t\t\n\t\t\t\t\t\t\t<div class=\"elementor-custom-embed-play\">\n\t\t\t\t\t<svg aria-hidden=\"true\" class=\"e-font-icon-svg e-eicon-play\" viewbox=\"0 0 1000 1000\" xmlns=\"http:\/\/www.w3.org\/2000\/svg\"><path d=\"M838 162C746 71 633 25 500 25 371 25 258 71 163 162 71 254 25 367 25 500 25 633 71 746 163 837 254 929 367 979 500 979 633 979 746 933 838 837 929 746 975 633 975 500 975 367 929 254 838 162M808 192C892 279 933 379 933 500 933 621 892 725 808 808 725 892 621 938 500 938 379 938 279 896 196 808 113 725 67 621 67 500 67 379 108 279 196 192 279 108 383 62 500 62 621 62 721 108 808 192M438 392V642L642 517 438 392Z\"><\/path><\/svg>\t\t\t\t\t<span class=\"elementor-screen-only\">Play<\/span>\n\t\t\t\t<\/div>\n\t\t\t\t\t<\/div>\n\t\t<\/a>\t\t\t\t\t\t<\/div>\n\t\t\t\t\t\t\t\t\t<\/div>\n\t\t\t\t\t\t\t<\/div>\n\t\t\t\t\t\t\t\t<\/div>\n\t\t\t\t<div class=\"elementor-element elementor-element-ffa1bca elementor-widget__width-initial elementor-widget elementor-widget-heading\" data-id=\"ffa1bca\" data-element_type=\"widget\" data-e-type=\"widget\" data-widget_type=\"heading.default\">\n\t\t\t\t\t<h2 class=\"elementor-heading-title elementor-size-default\">Feiras Nacionais e Internacionais\n<\/h2>\t\t\t\t<\/div>\n\t\t\t\t<div class=\"elementor-element elementor-element-6dddca8 elementor-align-left elementor-widget__width-initial elementor-widget elementor-widget-button\" data-id=\"6dddca8\" data-element_type=\"widget\" data-e-type=\"widget\" data-widget_type=\"button.default\">\n\t\t\t\t\t\t\t\t\t\t<a class=\"elementor-button elementor-button-link elementor-size-sm\" href=\"#\">\n\t\t\t\t\t\t<span class=\"elementor-button-content-wrapper\">\n\t\t\t\t\t\t\t\t\t<span class=\"elementor-button-text\">FOQUE NO SEU CLIENTE. A LOG\u00cdSTICA COMPLEXA \u00c9 COM A GENTE<\/span>\n\t\t\t\t\t<\/span>\n\t\t\t\t\t<\/a>\n\t\t\t\t\t\t\t\t<\/div>\n\t\t\t\t\t<\/div>\n\t\t\t\t<\/div>\n\t\t<div class=\"elementor-element elementor-element-cc78ef4 elementor-hidden-desktop e-flex e-con-boxed e-con e-parent\" data-id=\"cc78ef4\" data-element_type=\"container\" data-e-type=\"container\" data-settings=\"{&quot;background_background&quot;:&quot;classic&quot;}\">\n\t\t\t\t\t<div class=\"e-con-inner\">\n\t\t\t\t<div class=\"elementor-element elementor-element-e57468a elementor-widget-mobile__width-initial elementor-absolute elementor-widget elementor-widget-heading\" data-id=\"e57468a\" data-element_type=\"widget\" data-e-type=\"widget\" data-settings=\"{&quot;_position&quot;:&quot;absolute&quot;}\" data-widget_type=\"heading.default\">\n\t\t\t\t\t<h2 class=\"elementor-heading-title elementor-size-default\">Feiras Nacionais e Internacionais<\/h2>\t\t\t\t<\/div>\n\t\t\t\t<div class=\"elementor-element elementor-element-3a0b4f8 elementor-absolute elementor-widget elementor-widget-button\" data-id=\"3a0b4f8\" data-element_type=\"widget\" data-e-type=\"widget\" data-settings=\"{&quot;_position&quot;:&quot;absolute&quot;}\" data-widget_type=\"button.default\">\n\t\t\t\t\t\t\t\t\t\t<a class=\"elementor-button elementor-button-link elementor-size-sm\" href=\"#\">\n\t\t\t\t\t\t<span class=\"elementor-button-content-wrapper\">\n\t\t\t\t\t\t\t\t\t<span class=\"elementor-button-text\">Aqui a sua empresa cuida apenas da apresenta\u00e7\u00e3o de seu estande<\/span>\n\t\t\t\t\t<\/span>\n\t\t\t\t\t<\/a>\n\t\t\t\t\t\t\t\t<\/div>\n\t\t\t\t<div class=\"elementor-element elementor-element-6bad69f elementor-widget elementor-widget-image-carousel\" data-id=\"6bad69f\" data-element_type=\"widget\" data-e-type=\"widget\" data-settings=\"{&quot;navigation&quot;:&quot;none&quot;,&quot;image_spacing_custom_mobile&quot;:{&quot;unit&quot;:&quot;px&quot;,&quot;size&quot;:100,&quot;sizes&quot;:[]},&quot;autoplay&quot;:&quot;yes&quot;,&quot;pause_on_hover&quot;:&quot;yes&quot;,&quot;pause_on_interaction&quot;:&quot;yes&quot;,&quot;autoplay_speed&quot;:5000,&quot;infinite&quot;:&quot;yes&quot;,&quot;speed&quot;:500,&quot;image_spacing_custom&quot;:{&quot;unit&quot;:&quot;px&quot;,&quot;size&quot;:20,&quot;sizes&quot;:[]},&quot;image_spacing_custom_laptop&quot;:{&quot;unit&quot;:&quot;px&quot;,&quot;size&quot;:&quot;&quot;,&quot;sizes&quot;:[]},&quot;image_spacing_custom_tablet&quot;:{&quot;unit&quot;:&quot;px&quot;,&quot;size&quot;:&quot;&quot;,&quot;sizes&quot;:[]}}\" data-widget_type=\"image-carousel.default\">\n\t\t\t\t\t\t\t<div class=\"elementor-image-carousel-wrapper swiper\" role=\"region\" aria-roledescription=\"carousel\" aria-label=\"Carrossel de imagens\" dir=\"ltr\">\n\t\t\t<div class=\"elementor-image-carousel swiper-wrapper\" aria-live=\"off\">\n\t\t\t\t\t\t\t\t<div class=\"swiper-slide\" role=\"group\" aria-roledescription=\"slide\" aria-label=\"1 de 5\"><figure class=\"swiper-slide-inner\"><img decoding=\"async\" class=\"swiper-slide-image\" src=\"https:\/\/newexpo.com.br\/wp-content\/uploads\/2024\/12\/omg-banner-1.png\" alt=\"Omg Banner 1 - Empresa de Log\u00edstica em S\u00e3o Paulo | New Expo\" \/><\/figure><\/div><div class=\"swiper-slide\" role=\"group\" aria-roledescription=\"slide\" aria-label=\"2 de 5\"><figure class=\"swiper-slide-inner\"><img decoding=\"async\" class=\"swiper-slide-image\" src=\"https:\/\/newexpo.com.br\/wp-content\/uploads\/2024\/12\/img-banner-5.png\" alt=\"Img Banner 5 - Empresa de Log\u00edstica em S\u00e3o Paulo | New Expo\" \/><\/figure><\/div><div class=\"swiper-slide\" role=\"group\" aria-roledescription=\"slide\" aria-label=\"3 de 5\"><figure class=\"swiper-slide-inner\"><img decoding=\"async\" class=\"swiper-slide-image\" src=\"https:\/\/newexpo.com.br\/wp-content\/uploads\/2024\/12\/img-banner-3.png\" alt=\"Img Banner 3 - Empresa de Log\u00edstica em S\u00e3o Paulo | New Expo\" \/><\/figure><\/div><div class=\"swiper-slide\" role=\"group\" aria-roledescription=\"slide\" aria-label=\"4 de 5\"><figure class=\"swiper-slide-inner\"><img decoding=\"async\" class=\"swiper-slide-image\" src=\"https:\/\/newexpo.com.br\/wp-content\/uploads\/2024\/12\/img-banner-2.png\" alt=\"Img Banner 2 - Empresa de Log\u00edstica em S\u00e3o Paulo | New Expo\" \/><\/figure><\/div><div class=\"swiper-slide\" role=\"group\" aria-roledescription=\"slide\" aria-label=\"5 de 5\"><figure class=\"swiper-slide-inner\"><img decoding=\"async\" class=\"swiper-slide-image\" src=\"https:\/\/newexpo.com.br\/wp-content\/uploads\/2024\/12\/img-banner-4.png\" alt=\"Img Banner 4 - Empresa de Log\u00edstica em S\u00e3o Paulo | New Expo\" \/><\/figure><\/div>\t\t\t<\/div>\n\t\t\t\t\t\t\t\n\t\t\t\t\t\t\t\t\t<\/div>\n\t\t\t\t\t\t<\/div>\n\t\t\t\t\t<\/div>\n\t\t\t\t<\/div>\n\t\t<div class=\"elementor-element elementor-element-b71665d e-flex e-con-boxed e-con e-parent\" data-id=\"b71665d\" data-element_type=\"container\" data-e-type=\"container\" data-settings=\"{&quot;background_background&quot;:&quot;classic&quot;}\">\n\t\t\t\t\t<div class=\"e-con-inner\">\n\t\t<div class=\"elementor-element elementor-element-4fd51fe e-con-full e-flex e-con e-child\" data-id=\"4fd51fe\" data-element_type=\"container\" data-e-type=\"container\">\n\t\t\t\t<\/div>\n\t\t<div class=\"elementor-element elementor-element-e1d6443 e-con-full e-flex e-con e-child\" data-id=\"e1d6443\" data-element_type=\"container\" data-e-type=\"container\">\n\t\t\t\t<div class=\"elementor-element elementor-element-9d17ff8 elementor-widget elementor-widget-heading\" data-id=\"9d17ff8\" data-element_type=\"widget\" data-e-type=\"widget\" data-widget_type=\"heading.default\">\n\t\t\t\t\t<h2 class=\"elementor-heading-title elementor-size-default\">EXCEL\u00caNCIA LOG\u00cdSTICA INTEGRADA: TODAS AS SOLU\u00c7\u00d5ES EM UM S\u00d3 LUGAR<\/h2>\t\t\t\t<\/div>\n\t\t\t\t<div class=\"elementor-element elementor-element-9122c68 elementor-widget elementor-widget-heading\" data-id=\"9122c68\" data-element_type=\"widget\" data-e-type=\"widget\" data-widget_type=\"heading.default\">\n\t\t\t\t\t<h2 class=\"elementor-heading-title elementor-size-default\"><b>Refer\u00eancia Mundial em Log\u00edstica para Eventos<br><\/b><br>\nA New Expo consolidou-se como l\u00edder de mercado na opera\u00e7\u00e3o log\u00edstica e no tr\u00e2nsito de cargas para as principais feiras nacionais e internacionais. Nossa expertise de mais de 20 anos no setor nos posiciona como parceiros estrat\u00e9gicos para eventos de qualquer porte, garantindo precis\u00e3o e efici\u00eancia em cada etapa do processo.\n<\/h2>\t\t\t\t<\/div>\n\t\t\t\t<div class=\"elementor-element elementor-element-3023a59 elementor-widget elementor-widget-heading\" data-id=\"3023a59\" data-element_type=\"widget\" data-e-type=\"widget\" data-widget_type=\"heading.default\">\n\t\t\t\t\t<h2 class=\"elementor-heading-title elementor-size-default\">GARANTIA DE EXCEL\u00caNCIA PARA SEU INVESTIMENTO<\/h2>\t\t\t\t<\/div>\n\t\t\t\t<div class=\"elementor-element elementor-element-334e5f5 elementor-widget elementor-widget-heading\" data-id=\"334e5f5\" data-element_type=\"widget\" data-e-type=\"widget\" data-widget_type=\"heading.default\">\n\t\t\t\t\t<h2 class=\"elementor-heading-title elementor-size-default\">Ao escolher a New Expo, sua empresa conta com:<\/h2>\t\t\t\t<\/div>\n\t\t\t\t<div class=\"elementor-element elementor-element-af64c03 elementor-widget elementor-widget-text-editor\" data-id=\"af64c03\" data-element_type=\"widget\" data-e-type=\"widget\" data-widget_type=\"text-editor.default\">\n\t\t\t\t\t\t\t\t\t<ul><li>Cobertura Securit\u00e1ria Completa: Prote\u00e7\u00e3o porta a porta com as melhores condi\u00e7\u00f5es do mercado.<\/li><li><strong>Precis\u00e3o Cronometrada:<\/strong> Entregas com agendamento rigoroso de data e hora.<\/li><li><strong>Monitoramento Just-in-Time:<\/strong> Acompanhamento em tempo real da sua carga.<\/li><li><strong>Supervis\u00e3o Dedicada:<\/strong> Atendimento personalizado, feito por profissionais especializados em seu setor.<\/li><\/ul><div>\u00a0<\/div>\t\t\t\t\t\t\t\t<\/div>\n\t\t\t\t<div class=\"elementor-element elementor-element-24b9e10 elementor-widget elementor-widget-heading\" data-id=\"24b9e10\" data-element_type=\"widget\" data-e-type=\"widget\" data-widget_type=\"heading.default\">\n\t\t\t\t\t<h2 class=\"elementor-heading-title elementor-size-default\">Nossa opera\u00e7\u00e3o porta a porta \u00e9 executada por uma equipe altamente capacitada, garantindo tranquilidade absoluta desde a coleta at\u00e9 a montagem final no evento.<\/h2>\t\t\t\t<\/div>\n\t\t\t\t<div class=\"elementor-element elementor-element-20dc2fb elementor-widget elementor-widget-heading\" data-id=\"20dc2fb\" data-element_type=\"widget\" data-e-type=\"widget\" data-widget_type=\"heading.default\">\n\t\t\t\t\t<h2 class=\"elementor-heading-title elementor-size-default\">LOG\u00cdSTICA INTERNACIONAL ESPECIALIZADA<\/h2>\t\t\t\t<\/div>\n\t\t\t\t<div class=\"elementor-element elementor-element-3d2f679 elementor-widget elementor-widget-heading\" data-id=\"3d2f679\" data-element_type=\"widget\" data-e-type=\"widget\" data-widget_type=\"heading.default\">\n\t\t\t\t\t<h2 class=\"elementor-heading-title elementor-size-default\"><b>Excel\u00eancia Global para Feiras e Eventos<br><\/b><br>\nAtrav\u00e9s de nossa rede internacional estrat\u00e9gica de agentes especialistas em feiras e eventos, gerenciamos com maestria todo o processo de:\n<\/h2>\t\t\t\t<\/div>\n\t\t\t\t<div class=\"elementor-element elementor-element-f0c7ec5 elementor-widget elementor-widget-text-editor\" data-id=\"f0c7ec5\" data-element_type=\"widget\" data-e-type=\"widget\" data-widget_type=\"text-editor.default\">\n\t\t\t\t\t\t\t\t\t<ul><li>Importa\u00e7\u00e3o de amostras em regime de Admiss\u00e3o Tempor\u00e1ria ou Consumo.<\/li><li>Reexporta\u00e7\u00e3o ou nacionaliza\u00e7\u00e3o p\u00f3s-evento com efici\u00eancia m\u00e1xima.<\/li><li>Atendimento centralizado por um \u00fanico consultor dedicado ao seu projeto.<\/li><li>Sistema tecnol\u00f3gico avan\u00e7ado de rastreamento e acompanhamento em tempo real.<\/li><\/ul>\t\t\t\t\t\t\t\t<\/div>\n\t\t\t\t<div class=\"elementor-element elementor-element-8e3e6d9 elementor-widget elementor-widget-heading\" data-id=\"8e3e6d9\" data-element_type=\"widget\" data-e-type=\"widget\" data-widget_type=\"heading.default\">\n\t\t\t\t\t<h2 class=\"elementor-heading-title elementor-size-default\">LOG\u00cdSTICA NACIONAL DE ALTA PERFORMANCE<\/h2>\t\t\t\t<\/div>\n\t\t\t\t<div class=\"elementor-element elementor-element-ab84502 elementor-widget elementor-widget-heading\" data-id=\"ab84502\" data-element_type=\"widget\" data-e-type=\"widget\" data-widget_type=\"heading.default\">\n\t\t\t\t\t<h2 class=\"elementor-heading-title elementor-size-default\">Com presen\u00e7a estrat\u00e9gica em todo territ\u00f3rio brasileiro atrav\u00e9s de filiais pr\u00f3prias e parceiros homologados, nossa infraestrutura de transporte terrestre oferece cobertura nacional completa e solu\u00e7\u00f5es personalizadas.<br><br>\nDesenvolvemos tr\u00eas modalidades de servi\u00e7o para atender com precis\u00e3o \u00e0s necessidades espec\u00edficas de cada cliente:\n<\/h2>\t\t\t\t<\/div>\n\t\t\t\t<div class=\"elementor-element elementor-element-9158694 elementor-widget elementor-widget-heading\" data-id=\"9158694\" data-element_type=\"widget\" data-e-type=\"widget\" data-widget_type=\"heading.default\">\n\t\t\t\t\t<h2 class=\"elementor-heading-title elementor-size-default\">PLATINUM - Servi\u00e7o Completo<\/h2>\t\t\t\t<\/div>\n\t\t\t\t<div class=\"elementor-element elementor-element-416f3c6 elementor-icon-list--layout-traditional elementor-list-item-link-full_width elementor-widget elementor-widget-icon-list\" data-id=\"416f3c6\" data-element_type=\"widget\" data-e-type=\"widget\" data-widget_type=\"icon-list.default\">\n\t\t\t\t\t\t\t<ul class=\"elementor-icon-list-items\">\n\t\t\t\t\t\t\t<li class=\"elementor-icon-list-item\">\n\t\t\t\t\t\t\t\t\t\t<span class=\"elementor-icon-list-text\">\u25cf\tColeta especializada no local de origem;<\/span>\n\t\t\t\t\t\t\t\t\t<\/li>\n\t\t\t\t\t\t\t\t<li class=\"elementor-icon-list-item\">\n\t\t\t\t\t\t\t\t\t\t<span class=\"elementor-icon-list-text\">\u25cf\tGest\u00e3o integrada de toda a movimenta\u00e7\u00e3o;<\/span>\n\t\t\t\t\t\t\t\t\t<\/li>\n\t\t\t\t\t\t\t\t<li class=\"elementor-icon-list-item\">\n\t\t\t\t\t\t\t\t\t\t<span class=\"elementor-icon-list-text\">\u25cf\tEntrega e posicionamento no estande.<\/span>\n\t\t\t\t\t\t\t\t\t<\/li>\n\t\t\t\t\t\t<\/ul>\n\t\t\t\t\t\t<\/div>\n\t\t\t\t<div class=\"elementor-element elementor-element-d2c58c0 elementor-widget elementor-widget-heading\" data-id=\"d2c58c0\" data-element_type=\"widget\" data-e-type=\"widget\" data-widget_type=\"heading.default\">\n\t\t\t\t\t<h2 class=\"elementor-heading-title elementor-size-default\">GOLD - Servi\u00e7o Intermedi\u00e1rio<\/h2>\t\t\t\t<\/div>\n\t\t\t\t<div class=\"elementor-element elementor-element-3a408d4 elementor-icon-list--layout-traditional elementor-list-item-link-full_width elementor-widget elementor-widget-icon-list\" data-id=\"3a408d4\" data-element_type=\"widget\" data-e-type=\"widget\" data-widget_type=\"icon-list.default\">\n\t\t\t\t\t\t\t<ul class=\"elementor-icon-list-items\">\n\t\t\t\t\t\t\t<li class=\"elementor-icon-list-item\">\n\t\t\t\t\t\t\t\t\t\t<span class=\"elementor-icon-list-text\">\u25cf\tRecebimento em nosso Centro de Distribui\u00e7\u00e3o;<\/span>\n\t\t\t\t\t\t\t\t\t<\/li>\n\t\t\t\t\t\t\t\t<li class=\"elementor-icon-list-item\">\n\t\t\t\t\t\t\t\t\t\t<span class=\"elementor-icon-list-text\">\u25cf\tGest\u00e3o profissional da movimenta\u00e7\u00e3o;<\/span>\n\t\t\t\t\t\t\t\t\t<\/li>\n\t\t\t\t\t\t\t\t<li class=\"elementor-icon-list-item\">\n\t\t\t\t\t\t\t\t\t\t<span class=\"elementor-icon-list-text\">\u25cf\tEntrega precisa e posicionamento no estande.<\/span>\n\t\t\t\t\t\t\t\t\t<\/li>\n\t\t\t\t\t\t<\/ul>\n\t\t\t\t\t\t<\/div>\n\t\t\t\t<div class=\"elementor-element elementor-element-4070fb8 elementor-widget elementor-widget-heading\" data-id=\"4070fb8\" data-element_type=\"widget\" data-e-type=\"widget\" data-widget_type=\"heading.default\">\n\t\t\t\t\t<h2 class=\"elementor-heading-title elementor-size-default\">SILVER - Servi\u00e7o B\u00e1sico<\/h2>\t\t\t\t<\/div>\n\t\t\t\t<div class=\"elementor-element elementor-element-a316dfa elementor-icon-list--layout-traditional elementor-list-item-link-full_width elementor-widget elementor-widget-icon-list\" data-id=\"a316dfa\" data-element_type=\"widget\" data-e-type=\"widget\" data-widget_type=\"icon-list.default\">\n\t\t\t\t\t\t\t<ul class=\"elementor-icon-list-items\">\n\t\t\t\t\t\t\t<li class=\"elementor-icon-list-item\">\n\t\t\t\t\t\t\t\t\t\t<span class=\"elementor-icon-list-text\">\u25cf\tMovimenta\u00e7\u00e3o t\u00e9cnica dos materiais;<\/span>\n\t\t\t\t\t\t\t\t\t<\/li>\n\t\t\t\t\t\t\t\t<li class=\"elementor-icon-list-item\">\n\t\t\t\t\t\t\t\t\t\t<span class=\"elementor-icon-list-text\">\u25cf\tEntrega e posicionamento no estande.<\/span>\n\t\t\t\t\t\t\t\t\t<\/li>\n\t\t\t\t\t\t<\/ul>\n\t\t\t\t\t\t<\/div>\n\t\t\t\t<div class=\"elementor-element elementor-element-80a358d elementor-widget elementor-widget-heading\" data-id=\"80a358d\" data-element_type=\"widget\" data-e-type=\"widget\" data-widget_type=\"heading.default\">\n\t\t\t\t\t<h2 class=\"elementor-heading-title elementor-size-default\">Antecipe-se \u00e0 concorr\u00eancia com a excel\u00eancia log\u00edstica que apenas a New Expo pode oferecer.<\/h2>\t\t\t\t<\/div>\n\t\t\t\t<div class=\"elementor-element elementor-element-e03aae7 elementor-widget__width-initial elementor-widget-mobile__width-initial elementor-widget elementor-widget-button\" data-id=\"e03aae7\" data-element_type=\"widget\" data-e-type=\"widget\" data-widget_type=\"button.default\">\n\t\t\t\t\t\t\t\t\t\t<a class=\"elementor-button elementor-size-sm\" role=\"button\">\n\t\t\t\t\t\t<span class=\"elementor-button-content-wrapper\">\n\t\t\t\t\t\t<span class=\"elementor-button-icon\">\n\t\t\t\t<i aria-hidden=\"true\" class=\"icon icon-right-arrow1\"><\/i>\t\t\t<\/span>\n\t\t\t\t\t\t\t\t\t<span class=\"elementor-button-text\">Quero focar no meu cliente<\/span>\n\t\t\t\t\t<\/span>\n\t\t\t\t\t<\/a>\n\t\t\t\t\t\t\t\t<\/div>\n\t\t\t\t<\/div>\n\t\t\t\t\t<\/div>\n\t\t\t\t<\/div>\n\t\t\t\t<\/div>","protected":false},"excerpt":{"rendered":"<p>Reproduzir Feiras Nacionais e Internacionais FOQUE NO SEU CLIENTE. A LOG\u00cdSTICA COMPLEXA \u00c9 COM A GENTE Feiras Nacionais e Internacionais Aqui a sua empresa cuida apenas da apresenta\u00e7\u00e3o de seu estande EXCEL\u00caNCIA LOG\u00cdSTICA INTEGRADA: TODAS AS SOLU\u00c7\u00d5ES EM UM S\u00d3 LUGAR Refer\u00eancia Mundial em Log\u00edstica para Eventos A New Expo consolidou-se como l\u00edder de mercado [&hellip;]<\/p>\n","protected":false},"author":1,"featured_media":0,"parent":0,"menu_order":0,"comment_status":"closed","ping_status":"closed","template":"elementor_header_footer","meta":{"footnotes":""},"class_list":["post-4697","page","type-page","status-publish","hentry"],"_links":{"self":[{"href":"https:\/\/newexpo.com.br\/en\/wp-json\/wp\/v2\/pages\/4697","targetHints":{"allow":["GET"]}}],"collection":[{"href":"https:\/\/newexpo.com.br\/en\/wp-json\/wp\/v2\/pages"}],"about":[{"href":"https:\/\/newexpo.com.br\/en\/wp-json\/wp\/v2\/types\/page"}],"author":[{"embeddable":true,"href":"https:\/\/newexpo.com.br\/en\/wp-json\/wp\/v2\/users\/1"}],"replies":[{"embeddable":true,"href":"https:\/\/newexpo.com.br\/en\/wp-json\/wp\/v2\/comments?post=4697"}],"version-history":[{"count":79,"href":"https:\/\/newexpo.com.br\/en\/wp-json\/wp\/v2\/pages\/4697\/revisions"}],"predecessor-version":[{"id":5269,"href":"https:\/\/newexpo.com.br\/en\/wp-json\/wp\/v2\/pages\/4697\/revisions\/5269"}],"wp:attachment":[{"href":"https:\/\/newexpo.com.br\/en\/wp-json\/wp\/v2\/media?parent=4697"}],"curies":[{"name":"wp","href":"https:\/\/api.w.org\/{rel}","templated":true}]}}