{"id":4782,"date":"2025-02-12T16:09:30","date_gmt":"2025-02-12T19:09:30","guid":{"rendered":"https:\/\/newexpo.com.br\/?page_id=4782"},"modified":"2025-06-15T18:04:10","modified_gmt":"2025-06-15T21:04:10","slug":"logistica-internacional-completa","status":"publish","type":"page","link":"https:\/\/newexpo.com.br\/en\/logistica-internacional-completa\/","title":{"rendered":"Log\u00edstica Internacional Completa"},"content":{"rendered":"<div data-elementor-type=\"wp-page\" data-elementor-id=\"4782\" class=\"elementor elementor-4782\" data-elementor-post-type=\"page\">\n\t\t\t\t<div class=\"elementor-element elementor-element-32e440e elementor-hidden-tablet elementor-hidden-mobile e-flex e-con-boxed e-con e-parent\" data-id=\"32e440e\" data-element_type=\"container\" data-e-type=\"container\" data-settings=\"{&quot;background_background&quot;:&quot;classic&quot;}\">\n\t\t\t\t\t<div class=\"e-con-inner\">\n\t\t\t\t<div class=\"elementor-element elementor-element-f792802 elementor-widget__width-initial elementor-absolute elementor-hidden-tablet elementor-hidden-mobile elementor-skin-carousel elementor-widget elementor-widget-media-carousel\" data-id=\"f792802\" data-element_type=\"widget\" data-e-type=\"widget\" data-settings=\"{&quot;slides_per_view&quot;:&quot;1&quot;,&quot;_position&quot;:&quot;absolute&quot;,&quot;skin&quot;:&quot;carousel&quot;,&quot;effect&quot;:&quot;slide&quot;,&quot;speed&quot;:500,&quot;autoplay&quot;:&quot;yes&quot;,&quot;autoplay_speed&quot;:5000,&quot;loop&quot;:&quot;yes&quot;,&quot;pause_on_hover&quot;:&quot;yes&quot;,&quot;pause_on_interaction&quot;:&quot;yes&quot;,&quot;space_between&quot;:{&quot;unit&quot;:&quot;px&quot;,&quot;size&quot;:10,&quot;sizes&quot;:[]},&quot;space_between_laptop&quot;:{&quot;unit&quot;:&quot;px&quot;,&quot;size&quot;:10,&quot;sizes&quot;:[]},&quot;space_between_tablet&quot;:{&quot;unit&quot;:&quot;px&quot;,&quot;size&quot;:10,&quot;sizes&quot;:[]},&quot;space_between_mobile&quot;:{&quot;unit&quot;:&quot;px&quot;,&quot;size&quot;:10,&quot;sizes&quot;:[]}}\" data-widget_type=\"media-carousel.default\">\n\t\t\t\t\t\t\t\t\t\t<div class=\"elementor-main-swiper swiper\" role=\"region\" aria-roledescription=\"carousel\" aria-label=\"Slides\">\n\t\t\t\t<div class=\"swiper-wrapper\">\n\t\t\t\t\t\t\t\t\t\t\t<div class=\"swiper-slide\" role=\"group\" aria-roledescription=\"slide\">\n\t\t\t\t\t\t\t\t\t<div class=\"elementor-carousel-image\" role=\"img\" aria-label=\"Sem T\u00edtulo 1 Dsa - Empresa de Log\u00edstica em S\u00e3o Paulo | New Expo\" style=\"background-image: url(&#039;https:\/\/newexpo.com.br\/wp-content\/uploads\/2025\/01\/Sem-Titulo-1-dsa.jpg&#039;)\">\n\n\t\t\t\n\t\t\t\t\t<\/div>\n\t\t\t\t\t\t\t\t<\/div>\n\t\t\t\t\t\t\t\t\t<\/div>\n\t\t\t\t\t\t\t<\/div>\n\t\t\t\t\t\t\t\t<\/div>\n\t\t\t\t<div class=\"elementor-element elementor-element-83fcf8d elementor-widget__width-initial elementor-absolute elementor-hidden-tablet elementor-hidden-mobile elementor-skin-carousel elementor-widget elementor-widget-media-carousel\" data-id=\"83fcf8d\" data-element_type=\"widget\" data-e-type=\"widget\" data-settings=\"{&quot;slides_per_view&quot;:&quot;1&quot;,&quot;_position&quot;:&quot;absolute&quot;,&quot;skin&quot;:&quot;carousel&quot;,&quot;effect&quot;:&quot;slide&quot;,&quot;speed&quot;:500,&quot;autoplay&quot;:&quot;yes&quot;,&quot;autoplay_speed&quot;:5000,&quot;loop&quot;:&quot;yes&quot;,&quot;pause_on_hover&quot;:&quot;yes&quot;,&quot;pause_on_interaction&quot;:&quot;yes&quot;,&quot;space_between&quot;:{&quot;unit&quot;:&quot;px&quot;,&quot;size&quot;:10,&quot;sizes&quot;:[]},&quot;space_between_laptop&quot;:{&quot;unit&quot;:&quot;px&quot;,&quot;size&quot;:10,&quot;sizes&quot;:[]},&quot;space_between_tablet&quot;:{&quot;unit&quot;:&quot;px&quot;,&quot;size&quot;:10,&quot;sizes&quot;:[]},&quot;space_between_mobile&quot;:{&quot;unit&quot;:&quot;px&quot;,&quot;size&quot;:10,&quot;sizes&quot;:[]}}\" data-widget_type=\"media-carousel.default\">\n\t\t\t\t\t\t\t\t\t\t<div class=\"elementor-main-swiper swiper\" role=\"region\" aria-roledescription=\"carousel\" aria-label=\"Slides\">\n\t\t\t\t<div class=\"swiper-wrapper\">\n\t\t\t\t\t\t\t\t\t\t\t<div class=\"swiper-slide\" role=\"group\" aria-roledescription=\"slide\">\n\t\t\t\t\t\t\t<a href=\"https:\/\/newexpo.com.br\/wp-content\/uploads\/2025\/02\/Screenshot-2025-02-27-19190155.jpg\" data-elementor-open-lightbox=\"yes\" data-elementor-lightbox-slideshow=\"83fcf8d\" data-elementor-lightbox-title=\"Screenshot 2025 02 27 19190155 - Empresa de Log\u00edstica em S\u00e3o Paulo | New Expo\" data-elementor-lightbox-description=\"Screenshot 2025 02 27 19190155 - Empresa de Log\u00edstica em S\u00e3o Paulo | New Expo\" data-e-action-hash=\"#elementor-action%3Aaction%3Dlightbox%26settings%3DeyJpZCI6NTE5NiwidXJsIjoiaHR0cHM6XC9cL25ld2V4cG8uY29tLmJyXC93cC1jb250ZW50XC91cGxvYWRzXC8yMDI1XC8wMlwvU2NyZWVuc2hvdC0yMDI1LTAyLTI3LTE5MTkwMTU1LmpwZyIsInNsaWRlc2hvdyI6IjgzZmNmOGQifQ%3D%3D\" data-elementor-lightbox-video=\"https:\/\/www.youtube.com\/embed\/9-R6g7FLVz4?feature=oembed&amp;autoplay=1&amp;rel=0&amp;controls=0\">\t\t<div class=\"elementor-carousel-image\" role=\"img\" aria-label=\"Screenshot 2025 02 27 19190155 - Empresa de Log\u00edstica em S\u00e3o Paulo | New Expo\" style=\"background-image: url(&#039;https:\/\/newexpo.com.br\/wp-content\/uploads\/2025\/02\/Screenshot-2025-02-27-19190155.jpg&#039;)\">\n\n\t\t\t\n\t\t\t\t\t\t\t<div class=\"elementor-custom-embed-play\">\n\t\t\t\t\t<svg aria-hidden=\"true\" class=\"e-font-icon-svg e-eicon-play\" viewbox=\"0 0 1000 1000\" xmlns=\"http:\/\/www.w3.org\/2000\/svg\"><path d=\"M838 162C746 71 633 25 500 25 371 25 258 71 163 162 71 254 25 367 25 500 25 633 71 746 163 837 254 929 367 979 500 979 633 979 746 933 838 837 929 746 975 633 975 500 975 367 929 254 838 162M808 192C892 279 933 379 933 500 933 621 892 725 808 808 725 892 621 938 500 938 379 938 279 896 196 808 113 725 67 621 67 500 67 379 108 279 196 192 279 108 383 62 500 62 621 62 721 108 808 192M438 392V642L642 517 438 392Z\"><\/path><\/svg>\t\t\t\t\t<span class=\"elementor-screen-only\">Play<\/span>\n\t\t\t\t<\/div>\n\t\t\t\t\t<\/div>\n\t\t<\/a>\t\t\t\t\t\t<\/div>\n\t\t\t\t\t\t\t\t\t<\/div>\n\t\t\t\t\t\t\t<\/div>\n\t\t\t\t\t\t\t\t<\/div>\n\t\t\t\t<div class=\"elementor-element elementor-element-ffa1bca elementor-widget__width-initial elementor-widget elementor-widget-heading\" data-id=\"ffa1bca\" data-element_type=\"widget\" data-e-type=\"widget\" data-widget_type=\"heading.default\">\n\t\t\t\t\t<h2 class=\"elementor-heading-title elementor-size-default\">DO LOCAL AO GLOBAL: EXCEL\u00caNCIA LOG\u00cdSTICA SEM FRONTEIRAS<\/h2>\t\t\t\t<\/div>\n\t\t\t\t\t<\/div>\n\t\t\t\t<\/div>\n\t\t<div class=\"elementor-element elementor-element-cc78ef4 elementor-hidden-desktop e-flex e-con-boxed e-con e-parent\" data-id=\"cc78ef4\" data-element_type=\"container\" data-e-type=\"container\" data-settings=\"{&quot;background_background&quot;:&quot;classic&quot;}\">\n\t\t\t\t\t<div class=\"e-con-inner\">\n\t\t\t\t<div class=\"elementor-element elementor-element-e57468a elementor-widget-mobile__width-initial elementor-absolute elementor-widget elementor-widget-heading\" data-id=\"e57468a\" data-element_type=\"widget\" data-e-type=\"widget\" data-settings=\"{&quot;_position&quot;:&quot;absolute&quot;}\" data-widget_type=\"heading.default\">\n\t\t\t\t\t<h2 class=\"elementor-heading-title elementor-size-default\">Feiras Nacionais e Internacionais<\/h2>\t\t\t\t<\/div>\n\t\t\t\t<div class=\"elementor-element elementor-element-3a0b4f8 elementor-absolute elementor-widget elementor-widget-button\" data-id=\"3a0b4f8\" data-element_type=\"widget\" data-e-type=\"widget\" data-settings=\"{&quot;_position&quot;:&quot;absolute&quot;}\" data-widget_type=\"button.default\">\n\t\t\t\t\t\t\t\t\t\t<a class=\"elementor-button elementor-button-link elementor-size-sm\" href=\"#\">\n\t\t\t\t\t\t<span class=\"elementor-button-content-wrapper\">\n\t\t\t\t\t\t\t\t\t<span class=\"elementor-button-text\">Aqui a sua empresa cuida apenas da apresenta\u00e7\u00e3o de seu estande<\/span>\n\t\t\t\t\t<\/span>\n\t\t\t\t\t<\/a>\n\t\t\t\t\t\t\t\t<\/div>\n\t\t\t\t<div class=\"elementor-element elementor-element-6bad69f elementor-widget elementor-widget-image-carousel\" data-id=\"6bad69f\" data-element_type=\"widget\" data-e-type=\"widget\" data-settings=\"{&quot;navigation&quot;:&quot;none&quot;,&quot;image_spacing_custom_mobile&quot;:{&quot;unit&quot;:&quot;px&quot;,&quot;size&quot;:100,&quot;sizes&quot;:[]},&quot;autoplay&quot;:&quot;yes&quot;,&quot;pause_on_hover&quot;:&quot;yes&quot;,&quot;pause_on_interaction&quot;:&quot;yes&quot;,&quot;autoplay_speed&quot;:5000,&quot;infinite&quot;:&quot;yes&quot;,&quot;speed&quot;:500,&quot;image_spacing_custom&quot;:{&quot;unit&quot;:&quot;px&quot;,&quot;size&quot;:20,&quot;sizes&quot;:[]},&quot;image_spacing_custom_laptop&quot;:{&quot;unit&quot;:&quot;px&quot;,&quot;size&quot;:&quot;&quot;,&quot;sizes&quot;:[]},&quot;image_spacing_custom_tablet&quot;:{&quot;unit&quot;:&quot;px&quot;,&quot;size&quot;:&quot;&quot;,&quot;sizes&quot;:[]}}\" data-widget_type=\"image-carousel.default\">\n\t\t\t\t\t\t\t<div class=\"elementor-image-carousel-wrapper swiper\" role=\"region\" aria-roledescription=\"carousel\" aria-label=\"Carrossel de imagens\" dir=\"ltr\">\n\t\t\t<div class=\"elementor-image-carousel swiper-wrapper\" aria-live=\"off\">\n\t\t\t\t\t\t\t\t<div class=\"swiper-slide\" role=\"group\" aria-roledescription=\"slide\" aria-label=\"1 of 5\"><figure class=\"swiper-slide-inner\"><img decoding=\"async\" class=\"swiper-slide-image\" src=\"https:\/\/newexpo.com.br\/wp-content\/uploads\/2024\/12\/omg-banner-1.png\" alt=\"Omg Banner 1 - Empresa de Log\u00edstica em S\u00e3o Paulo | New Expo\" \/><\/figure><\/div><div class=\"swiper-slide\" role=\"group\" aria-roledescription=\"slide\" aria-label=\"2 of 5\"><figure class=\"swiper-slide-inner\"><img decoding=\"async\" class=\"swiper-slide-image\" src=\"https:\/\/newexpo.com.br\/wp-content\/uploads\/2024\/12\/img-banner-5.png\" alt=\"Img Banner 5 - Empresa de Log\u00edstica em S\u00e3o Paulo | New Expo\" \/><\/figure><\/div><div class=\"swiper-slide\" role=\"group\" aria-roledescription=\"slide\" aria-label=\"3 of 5\"><figure class=\"swiper-slide-inner\"><img decoding=\"async\" class=\"swiper-slide-image\" src=\"https:\/\/newexpo.com.br\/wp-content\/uploads\/2024\/12\/img-banner-3.png\" alt=\"Img Banner 3 - Empresa de Log\u00edstica em S\u00e3o Paulo | New Expo\" \/><\/figure><\/div><div class=\"swiper-slide\" role=\"group\" aria-roledescription=\"slide\" aria-label=\"4 of 5\"><figure class=\"swiper-slide-inner\"><img decoding=\"async\" class=\"swiper-slide-image\" src=\"https:\/\/newexpo.com.br\/wp-content\/uploads\/2024\/12\/img-banner-2.png\" alt=\"Img Banner 2 - Empresa de Log\u00edstica em S\u00e3o Paulo | New Expo\" \/><\/figure><\/div><div class=\"swiper-slide\" role=\"group\" aria-roledescription=\"slide\" aria-label=\"5 of 5\"><figure class=\"swiper-slide-inner\"><img decoding=\"async\" class=\"swiper-slide-image\" src=\"https:\/\/newexpo.com.br\/wp-content\/uploads\/2024\/12\/img-banner-4.png\" alt=\"Img Banner 4 - Empresa de Log\u00edstica em S\u00e3o Paulo | New Expo\" \/><\/figure><\/div>\t\t\t<\/div>\n\t\t\t\t\t\t\t\n\t\t\t\t\t\t\t\t\t<\/div>\n\t\t\t\t\t\t<\/div>\n\t\t\t\t\t<\/div>\n\t\t\t\t<\/div>\n\t\t<div class=\"elementor-element elementor-element-b71665d e-flex e-con-boxed e-con e-parent\" data-id=\"b71665d\" data-element_type=\"container\" data-e-type=\"container\" data-settings=\"{&quot;background_background&quot;:&quot;classic&quot;}\">\n\t\t\t\t\t<div class=\"e-con-inner\">\n\t\t<div class=\"elementor-element elementor-element-4fd51fe e-con-full e-flex e-con e-child\" data-id=\"4fd51fe\" data-element_type=\"container\" data-e-type=\"container\">\n\t\t\t\t<\/div>\n\t\t<div class=\"elementor-element elementor-element-e1d6443 e-con-full e-flex e-con e-child\" data-id=\"e1d6443\" data-element_type=\"container\" data-e-type=\"container\">\n\t\t\t\t<div class=\"elementor-element elementor-element-dc53b23 elementor-widget elementor-widget-heading\" data-id=\"dc53b23\" data-element_type=\"widget\" data-e-type=\"widget\" data-widget_type=\"heading.default\">\n\t\t\t\t\t<h2 class=\"elementor-heading-title elementor-size-default\">Diferencial dos nossos servi\u00e7os:\n<\/h2>\t\t\t\t<\/div>\n\t\t\t\t<div class=\"elementor-element elementor-element-9122c68 elementor-widget elementor-widget-heading\" data-id=\"9122c68\" data-element_type=\"widget\" data-e-type=\"widget\" data-widget_type=\"heading.default\">\n\t\t\t\t\t<h2 class=\"elementor-heading-title elementor-size-default\">Para entregar uma log\u00edstica de ponta, prezamos um servi\u00e7o completo para os nossos clientes. Afinal, a New Expo \u00e9 inova\u00e7\u00e3o!\n<\/h2>\t\t\t\t<\/div>\n\t\t\t\t<div class=\"elementor-element elementor-element-1b7ccc4 elementor-widget elementor-widget-heading\" data-id=\"1b7ccc4\" data-element_type=\"widget\" data-e-type=\"widget\" data-widget_type=\"heading.default\">\n\t\t\t\t\t<h2 class=\"elementor-heading-title elementor-size-default\">Servi\u00e7o Door to Door<\/h2>\t\t\t\t<\/div>\n\t\t\t\t<div class=\"elementor-element elementor-element-2265929 elementor-widget elementor-widget-heading\" data-id=\"2265929\" data-element_type=\"widget\" data-e-type=\"widget\" data-widget_type=\"heading.default\">\n\t\t\t\t\t<h2 class=\"elementor-heading-title elementor-size-default\">O servi\u00e7o completo em log\u00edstica que voc\u00ea precisa para sua feira ou evento internacional. Al\u00e9m disso, com a modalidade porta a porta, retiramos a carga e entregamos direto no estande para que a sua empresa lide apenas com as a\u00e7\u00f5es de marketing para o evento. Em caso de regime de Admiss\u00e3o Tempor\u00e1ria, cuidamos de todos os processos de retorno onde o cliente escolhe entre a reexporta\u00e7\u00e3o ou nacionaliza\u00e7\u00e3o do material.<\/h2>\t\t\t\t<\/div>\n\t\t\t\t<div class=\"elementor-element elementor-element-235fc97 elementor-widget elementor-widget-heading\" data-id=\"235fc97\" data-element_type=\"widget\" data-e-type=\"widget\" data-widget_type=\"heading.default\">\n\t\t\t\t\t<h2 class=\"elementor-heading-title elementor-size-default\">Informa\u00e7\u00f5es em Tempo Real<\/h2>\t\t\t\t<\/div>\n\t\t\t\t<div class=\"elementor-element elementor-element-4e7e8cf elementor-widget elementor-widget-heading\" data-id=\"4e7e8cf\" data-element_type=\"widget\" data-e-type=\"widget\" data-widget_type=\"heading.default\">\n\t\t\t\t\t<h2 class=\"elementor-heading-title elementor-size-default\">Atrav\u00e9s do nosso sistema de rastreamento de carga (tracking), reunimos todas as informa\u00e7\u00f5es em um \u00fanico acesso para o cliente. Todas as informa\u00e7\u00f5es na palma da m\u00e3o com atualiza\u00e7\u00f5es em tempo real.<\/h2>\t\t\t\t<\/div>\n\t\t\t\t<div class=\"elementor-element elementor-element-c093f0f elementor-widget elementor-widget-heading\" data-id=\"c093f0f\" data-element_type=\"widget\" data-e-type=\"widget\" data-widget_type=\"heading.default\">\n\t\t\t\t\t<h2 class=\"elementor-heading-title elementor-size-default\">Todas as Solu\u00e7\u00f5es em Um S\u00f3 Lugar<\/h2>\t\t\t\t<\/div>\n\t\t\t\t<div class=\"elementor-element elementor-element-efbead2 elementor-widget elementor-widget-heading\" data-id=\"efbead2\" data-element_type=\"widget\" data-e-type=\"widget\" data-widget_type=\"heading.default\">\n\t\t\t\t\t<h2 class=\"elementor-heading-title elementor-size-default\">Desde a log\u00edstica completa at\u00e9 os servi\u00e7os personalizados, nossa equipe de profissionais, juntamente ao supervisor do time, re\u00fane todas as solu\u00e7\u00f5es em um \u00fanico pacote para a sua empresa.\n\n<\/h2>\t\t\t\t<\/div>\n\t\t\t\t<div class=\"elementor-element elementor-element-6de727d elementor-widget elementor-widget-heading\" data-id=\"6de727d\" data-element_type=\"widget\" data-e-type=\"widget\" data-widget_type=\"heading.default\">\n\t\t\t\t\t<h2 class=\"elementor-heading-title elementor-size-default\">Supervis\u00e3o Completa<\/h2>\t\t\t\t<\/div>\n\t\t\t\t<div class=\"elementor-element elementor-element-2f0856f elementor-widget elementor-widget-heading\" data-id=\"2f0856f\" data-element_type=\"widget\" data-e-type=\"widget\" data-widget_type=\"heading.default\">\n\t\t\t\t\t<h2 class=\"elementor-heading-title elementor-size-default\">Ao contratar a New Expo, voc\u00ea estar\u00e1 em contato apenas com o supervisor respons\u00e1vel por toda a sua log\u00edstica. Assim, garantimos seguran\u00e7a e praticidade at\u00e9 a entrega no estande da sua feira ou evento.<\/h2>\t\t\t\t<\/div>\n\t\t\t\t<div class=\"elementor-element elementor-element-aa104b7 elementor-widget elementor-widget-spacer\" data-id=\"aa104b7\" data-element_type=\"widget\" data-e-type=\"widget\" data-widget_type=\"spacer.default\">\n\t\t\t\t\t\t\t<div class=\"elementor-spacer\">\n\t\t\t<div class=\"elementor-spacer-inner\"><\/div>\n\t\t<\/div>\n\t\t\t\t\t\t<\/div>\n\t\t\t\t<div class=\"elementor-element elementor-element-24b9e10 elementor-widget elementor-widget-heading\" data-id=\"24b9e10\" data-element_type=\"widget\" data-e-type=\"widget\" data-widget_type=\"heading.default\">\n\t\t\t\t\t<h2 class=\"elementor-heading-title elementor-size-default\">A New Expo trabalha com solu\u00e7\u00f5es customizadas de acordo com as necessidades dos seus clientes. Al\u00e9m de oferecer qualidade e seguran\u00e7a aliada \u00e0 sustentabilidade em um servi\u00e7o de log\u00edstica de ponta, nos destacamos n\u00e3o s\u00f3 no Brasil, mas tamb\u00e9m no exterior com  responsabilidade e padr\u00e3o de excel\u00eancia. Afinal, somos especialistas em log\u00edstica para feiras e eventos internacionais.\n<br><br>\nAqui o expositor mant\u00e9m contato diretamente como supervisor respons\u00e1vel por todos os servi\u00e7os de log\u00edstica para a feira. Sendo assim, entregamos o que fazemos de melhor, permitindo o sucesso da sua feira ou evento. Esse \u00e9 um dos principais motivos que torna a New Expo uma das empresas indispens\u00e1veis na log\u00edstica nacional e internacional dos maiores eventos. Somos a log\u00edstica oficial que re\u00fane todas as solu\u00e7\u00f5es!\n<\/h2>\t\t\t\t<\/div>\n\t\t\t\t<div class=\"elementor-element elementor-element-456fa04 elementor-widget__width-initial elementor-widget elementor-widget-text-editor\" data-id=\"456fa04\" data-element_type=\"widget\" data-e-type=\"widget\" data-widget_type=\"text-editor.default\">\n\t\t\t\t\t\t\t\t\t<ul><li>Transporte mar\u00edtimo<\/li><li>Transporte rodovi\u00e1rio<\/li><li>Transporte a\u00e9reo<\/li><li>Desembara\u00e7o aduaneiro<\/li><li>Just-in-time<\/li><li>Regime de Admiss\u00e3o Tempor\u00e1ria<\/li><li>Exporta\u00e7\u00e3o<\/li><li>Reexporta\u00e7\u00e3o<\/li><li>Nacionaliza\u00e7\u00e3o<\/li><li>Melhores equipamentos<\/li><li>Equipe qualificada<\/li><\/ul>\t\t\t\t\t\t\t\t<\/div>\n\t\t\t\t<div class=\"elementor-element elementor-element-8d67e97 elementor-widget elementor-widget-heading\" data-id=\"8d67e97\" data-element_type=\"widget\" data-e-type=\"widget\" data-widget_type=\"heading.default\">\n\t\t\t\t\t<h2 class=\"elementor-heading-title elementor-size-default\">Atrav\u00e9s de um sistema completo de opera\u00e7\u00f5es integradas ao lado de um time de profissionais localizado em portos e aeroportos nacionais e internacionais, efetuamos com excel\u00eancia todos os servi\u00e7os necess\u00e1rios para sua feira ou evento internacional de grande porte. Aqui a sua empresa encontra o servi\u00e7o completo!\n\n<\/h2>\t\t\t\t<\/div>\n\t\t\t\t<\/div>\n\t\t\t\t\t<\/div>\n\t\t\t\t<\/div>\n\t\t<div class=\"elementor-element elementor-element-919b7c8 e-flex e-con-boxed e-con e-parent\" data-id=\"919b7c8\" data-element_type=\"container\" data-e-type=\"container\" data-settings=\"{&quot;background_background&quot;:&quot;classic&quot;}\">\n\t\t\t\t\t<div class=\"e-con-inner\">\n\t\t<div class=\"elementor-element elementor-element-2ee97a8 e-con-full e-flex e-con e-child\" data-id=\"2ee97a8\" data-element_type=\"container\" data-e-type=\"container\">\n\t\t<div class=\"elementor-element elementor-element-7658e99 e-con-full e-flex e-con e-child\" data-id=\"7658e99\" data-element_type=\"container\" data-e-type=\"container\">\n\t\t\t\t<div class=\"elementor-element elementor-element-dd95190 elementor-widget__width-initial elementor-widget-mobile__width-initial elementor-widget elementor-widget-button\" data-id=\"dd95190\" data-element_type=\"widget\" data-e-type=\"widget\" data-widget_type=\"button.default\">\n\t\t\t\t\t\t\t\t\t\t<a class=\"elementor-button elementor-size-sm\" role=\"button\">\n\t\t\t\t\t\t<span class=\"elementor-button-content-wrapper\">\n\t\t\t\t\t\t<span class=\"elementor-button-icon\">\n\t\t\t\t<i aria-hidden=\"true\" class=\"icon icon-right-arrow1\"><\/i>\t\t\t<\/span>\n\t\t\t\t\t\t\t\t\t<span class=\"elementor-button-text\">Fale conosco<\/span>\n\t\t\t\t\t<\/span>\n\t\t\t\t\t<\/a>\n\t\t\t\t\t\t\t\t<\/div>\n\t\t\t\t<\/div>\n\t\t<div class=\"elementor-element elementor-element-916b827 e-con-full e-flex e-con e-child\" data-id=\"916b827\" data-element_type=\"container\" data-e-type=\"container\">\n\t\t\t\t<div class=\"elementor-element elementor-element-cdd9050 elementor-widget elementor-widget-spacer\" data-id=\"cdd9050\" data-element_type=\"widget\" data-e-type=\"widget\" data-widget_type=\"spacer.default\">\n\t\t\t\t\t\t\t<div class=\"elementor-spacer\">\n\t\t\t<div class=\"elementor-spacer-inner\"><\/div>\n\t\t<\/div>\n\t\t\t\t\t\t<\/div>\n\t\t\t\t<div class=\"elementor-element elementor-element-ab6c51e elementor-widget elementor-widget-heading\" data-id=\"ab6c51e\" data-element_type=\"widget\" data-e-type=\"widget\" data-widget_type=\"heading.default\">\n\t\t\t\t\t<h2 class=\"elementor-heading-title elementor-size-default\">Somos a solu\u00e7\u00e3o <br>que voc\u00ea procura!<\/h2>\t\t\t\t<\/div>\n\t\t\t\t<div class=\"elementor-element elementor-element-6fa1ca1 elementor-widget elementor-widget-spacer\" data-id=\"6fa1ca1\" data-element_type=\"widget\" data-e-type=\"widget\" data-widget_type=\"spacer.default\">\n\t\t\t\t\t\t\t<div class=\"elementor-spacer\">\n\t\t\t<div class=\"elementor-spacer-inner\"><\/div>\n\t\t<\/div>\n\t\t\t\t\t\t<\/div>\n\t\t\t\t<\/div>\n\t\t\t\t<\/div>\n\t\t\t\t\t<\/div>\n\t\t\t\t<\/div>\n\t\t\t\t<\/div>","protected":false},"excerpt":{"rendered":"<p>Reproduzir DO LOCAL AO GLOBAL: EXCEL\u00caNCIA LOG\u00cdSTICA SEM FRONTEIRAS Feiras Nacionais e Internacionais Aqui a sua empresa cuida apenas da apresenta\u00e7\u00e3o de seu estande Diferencial dos nossos servi\u00e7os: Para entregar uma log\u00edstica de ponta, prezamos um servi\u00e7o completo para os nossos clientes. Afinal, a New Expo \u00e9 inova\u00e7\u00e3o! Servi\u00e7o Door to Door O servi\u00e7o completo [&hellip;]<\/p>\n","protected":false},"author":1,"featured_media":0,"parent":0,"menu_order":0,"comment_status":"closed","ping_status":"closed","template":"elementor_header_footer","meta":{"footnotes":""},"class_list":["post-4782","page","type-page","status-publish","hentry"],"_links":{"self":[{"href":"https:\/\/newexpo.com.br\/en\/wp-json\/wp\/v2\/pages\/4782","targetHints":{"allow":["GET"]}}],"collection":[{"href":"https:\/\/newexpo.com.br\/en\/wp-json\/wp\/v2\/pages"}],"about":[{"href":"https:\/\/newexpo.com.br\/en\/wp-json\/wp\/v2\/types\/page"}],"author":[{"embeddable":true,"href":"https:\/\/newexpo.com.br\/en\/wp-json\/wp\/v2\/users\/1"}],"replies":[{"embeddable":true,"href":"https:\/\/newexpo.com.br\/en\/wp-json\/wp\/v2\/comments?post=4782"}],"version-history":[{"count":28,"href":"https:\/\/newexpo.com.br\/en\/wp-json\/wp\/v2\/pages\/4782\/revisions"}],"predecessor-version":[{"id":5260,"href":"https:\/\/newexpo.com.br\/en\/wp-json\/wp\/v2\/pages\/4782\/revisions\/5260"}],"wp:attachment":[{"href":"https:\/\/newexpo.com.br\/en\/wp-json\/wp\/v2\/media?parent=4782"}],"curies":[{"name":"wp","href":"https:\/\/api.w.org\/{rel}","templated":true}]}}