{"id":4840,"date":"2025-02-20T20:54:07","date_gmt":"2025-02-20T23:54:07","guid":{"rendered":"https:\/\/newexpo.com.br\/?page_id=4840"},"modified":"2025-02-28T14:27:26","modified_gmt":"2025-02-28T17:27:26","slug":"projetos-desenvolvidos","status":"publish","type":"page","link":"https:\/\/newexpo.com.br\/en\/projetos-desenvolvidos\/","title":{"rendered":"Projetos Desenvolvidos"},"content":{"rendered":"<div data-elementor-type=\"wp-page\" data-elementor-id=\"4840\" class=\"elementor elementor-4840\" data-elementor-post-type=\"page\">\n\t\t\t\t<div class=\"elementor-element elementor-element-b71665d e-flex e-con-boxed e-con e-parent\" data-id=\"b71665d\" data-element_type=\"container\" data-e-type=\"container\" data-settings=\"{&quot;background_background&quot;:&quot;classic&quot;}\">\n\t\t\t\t\t<div class=\"e-con-inner\">\n\t\t<div class=\"elementor-element elementor-element-4fd51fe e-con-full e-flex e-con e-child\" data-id=\"4fd51fe\" data-element_type=\"container\" data-e-type=\"container\">\n\t\t\t\t<\/div>\n\t\t<div class=\"elementor-element elementor-element-e1d6443 e-con-full e-flex e-con e-child\" data-id=\"e1d6443\" data-element_type=\"container\" data-e-type=\"container\">\n\t\t<div class=\"elementor-element elementor-element-9a49ef0 e-con-full e-flex e-con e-child\" data-id=\"9a49ef0\" data-element_type=\"container\" data-e-type=\"container\" data-settings=\"{&quot;background_background&quot;:&quot;classic&quot;}\">\n\t\t\t\t<div class=\"elementor-element elementor-element-4a3fa7f elementor-widget elementor-widget-heading\" data-id=\"4a3fa7f\" data-element_type=\"widget\" data-e-type=\"widget\" data-widget_type=\"heading.default\">\n\t\t\t\t\t<h2 class=\"elementor-heading-title elementor-size-default\">Projetos desafiadores, resultados extraordin\u00e1rios. <\/h2>\t\t\t\t<\/div>\n\t\t\t\t<\/div>\n\t\t\t\t<div class=\"elementor-element elementor-element-9122c68 elementor-widget elementor-widget-heading\" data-id=\"9122c68\" data-element_type=\"widget\" data-e-type=\"widget\" data-widget_type=\"heading.default\">\n\t\t\t\t\t<h2 class=\"elementor-heading-title elementor-size-default\">Da ideia \u00e0 realiza\u00e7\u00e3o, a New Expo transforma desafios em oportunidades e ideias em eventos de sucesso. Conhe\u00e7a nossos cases e veja como entregamos solu\u00e7\u00f5es inovadoras com precis\u00e3o e excel\u00eancia. <\/h2>\t\t\t\t<\/div>\n\t\t\t\t<div class=\"elementor-element elementor-element-dc53b23 elementor-widget elementor-widget-heading\" data-id=\"dc53b23\" data-element_type=\"widget\" data-e-type=\"widget\" data-widget_type=\"heading.default\">\n\t\t\t\t\t<h2 class=\"elementor-heading-title elementor-size-default\">SENAI - CIMATEC\/SP<\/h2>\t\t\t\t<\/div>\n\t\t\t\t<div class=\"elementor-element elementor-element-af64c03 elementor-widget__width-initial elementor-widget-tablet__width-initial elementor-widget elementor-widget-text-editor\" data-id=\"af64c03\" data-element_type=\"widget\" data-e-type=\"widget\" data-widget_type=\"text-editor.default\">\n\t\t\t\t\t\t\t\t\t<p>O projeto SENAI &#8211; CIMATEC refor\u00e7a nossa expertise em gerenciar opera\u00e7\u00f5es log\u00edsticas complexas.<\/p><p>A New Expo coordenou o transporte de um material vindo da China at\u00e9 o bairro do Butant\u00e3, em S\u00e3o Paulo, para o SENAI &#8211; CIMATEC, um dos maiores centros de pesquisa, tecnologia e inova\u00e7\u00e3o do pa\u00eds.<\/p><p>Foram mais de 30 toneladas de cargas movimentadas com um transit time de 30 dias, exigindo planejamento estrat\u00e9gico e uma log\u00edstica altamente especializada. Nossa equipe garantiu a execu\u00e7\u00e3o impec\u00e1vel do projeto, assegurando efici\u00eancia e pontualidade.<\/p>\t\t\t\t\t\t\t\t<\/div>\n\t\t\t\t<div class=\"elementor-element elementor-element-baabe94 elementor-widget elementor-widget-heading\" data-id=\"baabe94\" data-element_type=\"widget\" data-e-type=\"widget\" data-widget_type=\"heading.default\">\n\t\t\t\t\t<h2 class=\"elementor-heading-title elementor-size-default\">Confira o projeto:  <\/h2>\t\t\t\t<\/div>\n\t\t\t\t<div class=\"elementor-element elementor-element-aa104b7 elementor-widget elementor-widget-spacer\" data-id=\"aa104b7\" data-element_type=\"widget\" data-e-type=\"widget\" data-widget_type=\"spacer.default\">\n\t\t\t\t\t\t\t<div class=\"elementor-spacer\">\n\t\t\t<div class=\"elementor-spacer-inner\"><\/div>\n\t\t<\/div>\n\t\t\t\t\t\t<\/div>\n\t\t\t\t<div class=\"elementor-element elementor-element-ffb6693 elementor-widget elementor-widget-video\" data-id=\"ffb6693\" data-element_type=\"widget\" data-e-type=\"widget\" data-settings=\"{&quot;youtube_url&quot;:&quot;https:\\\/\\\/youtu.be\\\/wMW43eQ-HoA&quot;,&quot;show_image_overlay&quot;:&quot;yes&quot;,&quot;image_overlay&quot;:{&quot;url&quot;:&quot;https:\\\/\\\/newexpo.com.br\\\/wp-content\\\/uploads\\\/2025\\\/02\\\/Screenshot-2025-02-28-142554.png&quot;,&quot;id&quot;:5201,&quot;size&quot;:&quot;&quot;,&quot;alt&quot;:&quot;Screenshot 2025 02 28 142554 - Empresa de Log\\u00edstica em S\\u00e3o Paulo | New Expo&quot;,&quot;source&quot;:&quot;library&quot;},&quot;video_type&quot;:&quot;youtube&quot;,&quot;controls&quot;:&quot;yes&quot;}\" data-widget_type=\"video.default\">\n\t\t\t\t\t\t\t<div class=\"elementor-wrapper elementor-open-inline\">\n\t\t\t<div class=\"elementor-video\"><\/div>\t\t\t\t<div class=\"elementor-custom-embed-image-overlay\" style=\"background-image: url(https:\/\/newexpo.com.br\/wp-content\/uploads\/2025\/02\/Screenshot-2025-02-28-142554.png);\">\n\t\t\t\t\t\t\t\t\t\t\t\t\t\t\t\t<div class=\"elementor-custom-embed-play\" role=\"button\" aria-label=\"Play Video about Screenshot 2025 02 28 142554 - Empresa de Log\u00edstica em S\u00e3o Paulo | New Expo\" tabindex=\"0\">\n\t\t\t\t\t\t\t<svg aria-hidden=\"true\" class=\"e-font-icon-svg e-eicon-play\" viewbox=\"0 0 1000 1000\" xmlns=\"http:\/\/www.w3.org\/2000\/svg\"><path d=\"M838 162C746 71 633 25 500 25 371 25 258 71 163 162 71 254 25 367 25 500 25 633 71 746 163 837 254 929 367 979 500 979 633 979 746 933 838 837 929 746 975 633 975 500 975 367 929 254 838 162M808 192C892 279 933 379 933 500 933 621 892 725 808 808 725 892 621 938 500 938 379 938 279 896 196 808 113 725 67 621 67 500 67 379 108 279 196 192 279 108 383 62 500 62 621 62 721 108 808 192M438 392V642L642 517 438 392Z\"><\/path><\/svg>\t\t\t\t\t\t<\/div>\n\t\t\t\t\t\t\t\t\t<\/div>\n\t\t\t\t\t<\/div>\n\t\t\t\t\t\t<\/div>\n\t\t\t\t<div class=\"elementor-element elementor-element-313a75e elementor-widget elementor-widget-spacer\" data-id=\"313a75e\" data-element_type=\"widget\" data-e-type=\"widget\" data-widget_type=\"spacer.default\">\n\t\t\t\t\t\t\t<div class=\"elementor-spacer\">\n\t\t\t<div class=\"elementor-spacer-inner\"><\/div>\n\t\t<\/div>\n\t\t\t\t\t\t<\/div>\n\t\t\t\t<div class=\"elementor-element elementor-element-21ae75c elementor-widget elementor-widget-heading\" data-id=\"21ae75c\" data-element_type=\"widget\" data-e-type=\"widget\" data-widget_type=\"heading.default\">\n\t\t\t\t\t<h2 class=\"elementor-heading-title elementor-size-default\">Log\u00edstica de Defesa e Seguran\u00e7a \u2013 Pol\u00edcia de Santa Catarina<\/h2>\t\t\t\t<\/div>\n\t\t\t\t<div class=\"elementor-element elementor-element-24b9e10 elementor-widget elementor-widget-heading\" data-id=\"24b9e10\" data-element_type=\"widget\" data-e-type=\"widget\" data-widget_type=\"heading.default\">\n\t\t\t\t\t<h2 class=\"elementor-heading-title elementor-size-default\">A New Expo executou um projeto essencial para a moderniza\u00e7\u00e3o da Pol\u00edcia de Santa Catarina, garantindo efici\u00eancia e seguran\u00e7a no transporte de um carregamento de mais de 11 mil pistolas do exterior para o Brasil.<\/h2>\t\t\t\t<\/div>\n\t\t<div class=\"elementor-element elementor-element-aa9f360 e-con-full e-flex e-con e-child\" data-id=\"aa9f360\" data-element_type=\"container\" data-e-type=\"container\" data-settings=\"{&quot;background_background&quot;:&quot;classic&quot;}\">\n\t\t\t\t<div class=\"elementor-element elementor-element-d507f6c elementor-widget elementor-widget-heading\" data-id=\"d507f6c\" data-element_type=\"widget\" data-e-type=\"widget\" data-widget_type=\"heading.default\">\n\t\t\t\t\t<h2 class=\"elementor-heading-title elementor-size-default\">Com um peso total superior a 19 mil quilos, a carga percorreu um complexo trajeto log\u00edstico, saindo da It\u00e1lia, passando por Lisboa, \u00c1ustria e Fortaleza, at\u00e9 chegar ao destino final.<\/h2>\t\t\t\t<\/div>\n\t\t\t\t<\/div>\n\t\t\t\t<div class=\"elementor-element elementor-element-74df531 elementor-widget elementor-widget-heading\" data-id=\"74df531\" data-element_type=\"widget\" data-e-type=\"widget\" data-widget_type=\"heading.default\">\n\t\t\t\t\t<h2 class=\"elementor-heading-title elementor-size-default\">O sucesso dessa miss\u00e3o foi resultado do compromisso, expertise e coordena\u00e7\u00e3o impec\u00e1vel de nossa equipe, assegurando que cada etapa ocorresse com precis\u00e3o e dentro dos mais altos padr\u00f5es de seguran\u00e7a.<\/h2>\t\t\t\t<\/div>\n\t\t\t\t<div class=\"elementor-element elementor-element-934d55a elementor-widget elementor-widget-heading\" data-id=\"934d55a\" data-element_type=\"widget\" data-e-type=\"widget\" data-widget_type=\"heading.default\">\n\t\t\t\t\t<h2 class=\"elementor-heading-title elementor-size-default\">Acompanhe a opera\u00e7\u00e3o:  <\/h2>\t\t\t\t<\/div>\n\t\t\t\t<div class=\"elementor-element elementor-element-adaee36 elementor-widget elementor-widget-video\" data-id=\"adaee36\" data-element_type=\"widget\" data-e-type=\"widget\" data-settings=\"{&quot;youtube_url&quot;:&quot;https:\\\/\\\/youtu.be\\\/aZp7icHuK24&quot;,&quot;show_image_overlay&quot;:&quot;yes&quot;,&quot;image_overlay&quot;:{&quot;url&quot;:&quot;https:\\\/\\\/newexpo.com.br\\\/wp-content\\\/uploads\\\/2025\\\/02\\\/Screenshot-2025-02-28-142705.png&quot;,&quot;id&quot;:5202,&quot;size&quot;:&quot;&quot;,&quot;alt&quot;:&quot;Screenshot 2025 02 28 142705 - Empresa de Log\\u00edstica em S\\u00e3o Paulo | New Expo&quot;,&quot;source&quot;:&quot;library&quot;},&quot;video_type&quot;:&quot;youtube&quot;,&quot;controls&quot;:&quot;yes&quot;}\" data-widget_type=\"video.default\">\n\t\t\t\t\t\t\t<div class=\"elementor-wrapper elementor-open-inline\">\n\t\t\t<div class=\"elementor-video\"><\/div>\t\t\t\t<div class=\"elementor-custom-embed-image-overlay\" style=\"background-image: url(https:\/\/newexpo.com.br\/wp-content\/uploads\/2025\/02\/Screenshot-2025-02-28-142705.png);\">\n\t\t\t\t\t\t\t\t\t\t\t\t\t\t\t\t<div class=\"elementor-custom-embed-play\" role=\"button\" aria-label=\"Play Video about Screenshot 2025 02 28 142705 - Empresa de Log\u00edstica em S\u00e3o Paulo | New Expo\" tabindex=\"0\">\n\t\t\t\t\t\t\t<svg aria-hidden=\"true\" class=\"e-font-icon-svg e-eicon-play\" viewbox=\"0 0 1000 1000\" xmlns=\"http:\/\/www.w3.org\/2000\/svg\"><path d=\"M838 162C746 71 633 25 500 25 371 25 258 71 163 162 71 254 25 367 25 500 25 633 71 746 163 837 254 929 367 979 500 979 633 979 746 933 838 837 929 746 975 633 975 500 975 367 929 254 838 162M808 192C892 279 933 379 933 500 933 621 892 725 808 808 725 892 621 938 500 938 379 938 279 896 196 808 113 725 67 621 67 500 67 379 108 279 196 192 279 108 383 62 500 62 621 62 721 108 808 192M438 392V642L642 517 438 392Z\"><\/path><\/svg>\t\t\t\t\t\t<\/div>\n\t\t\t\t\t\t\t\t\t<\/div>\n\t\t\t\t\t<\/div>\n\t\t\t\t\t\t<\/div>\n\t\t\t\t<\/div>\n\t\t\t\t\t<\/div>\n\t\t\t\t<\/div>\n\t\t<div class=\"elementor-element elementor-element-dd1b50d e-flex e-con-boxed e-con e-parent\" data-id=\"dd1b50d\" data-element_type=\"container\" data-e-type=\"container\" data-settings=\"{&quot;background_background&quot;:&quot;classic&quot;}\">\n\t\t\t\t\t<div class=\"e-con-inner\">\n\t\t<div class=\"elementor-element elementor-element-b390516 e-con-full e-flex e-con e-child\" data-id=\"b390516\" data-element_type=\"container\" data-e-type=\"container\">\n\t\t<div class=\"elementor-element elementor-element-7a9e942 e-con-full e-flex e-con e-child\" data-id=\"7a9e942\" data-element_type=\"container\" data-e-type=\"container\">\n\t\t\t\t<div class=\"elementor-element elementor-element-58e1712 elementor-widget__width-initial elementor-widget-mobile__width-initial elementor-widget elementor-widget-button\" data-id=\"58e1712\" data-element_type=\"widget\" data-e-type=\"widget\" data-widget_type=\"button.default\">\n\t\t\t\t\t\t\t\t\t\t<a class=\"elementor-button elementor-size-sm\" role=\"button\">\n\t\t\t\t\t\t<span class=\"elementor-button-content-wrapper\">\n\t\t\t\t\t\t<span class=\"elementor-button-icon\">\n\t\t\t\t<i aria-hidden=\"true\" class=\"icon icon-right-arrow1\"><\/i>\t\t\t<\/span>\n\t\t\t\t\t\t\t\t\t<span class=\"elementor-button-text\">Solicite uma proposta<\/span>\n\t\t\t\t\t<\/span>\n\t\t\t\t\t<\/a>\n\t\t\t\t\t\t\t\t<\/div>\n\t\t\t\t<\/div>\n\t\t<div class=\"elementor-element elementor-element-6741e08 e-con-full e-flex e-con e-child\" data-id=\"6741e08\" data-element_type=\"container\" data-e-type=\"container\">\n\t\t\t\t<div class=\"elementor-element elementor-element-28c62e2 elementor-widget elementor-widget-spacer\" data-id=\"28c62e2\" data-element_type=\"widget\" data-e-type=\"widget\" data-widget_type=\"spacer.default\">\n\t\t\t\t\t\t\t<div class=\"elementor-spacer\">\n\t\t\t<div class=\"elementor-spacer-inner\"><\/div>\n\t\t<\/div>\n\t\t\t\t\t\t<\/div>\n\t\t\t\t<div class=\"elementor-element elementor-element-c602031 elementor-widget elementor-widget-heading\" data-id=\"c602031\" data-element_type=\"widget\" data-e-type=\"widget\" data-widget_type=\"heading.default\">\n\t\t\t\t\t<h2 class=\"elementor-heading-title elementor-size-default\">Tem um projeto <br>complexo? <\/h2>\t\t\t\t<\/div>\n\t\t\t\t<div class=\"elementor-element elementor-element-3de60ba elementor-widget elementor-widget-spacer\" data-id=\"3de60ba\" data-element_type=\"widget\" data-e-type=\"widget\" data-widget_type=\"spacer.default\">\n\t\t\t\t\t\t\t<div class=\"elementor-spacer\">\n\t\t\t<div class=\"elementor-spacer-inner\"><\/div>\n\t\t<\/div>\n\t\t\t\t\t\t<\/div>\n\t\t\t\t<\/div>\n\t\t\t\t<\/div>\n\t\t\t\t\t<\/div>\n\t\t\t\t<\/div>\n\t\t\t\t<\/div>","protected":false},"excerpt":{"rendered":"<p>Projetos desafiadores, resultados extraordin\u00e1rios. Da ideia \u00e0 realiza\u00e7\u00e3o, a New Expo transforma desafios em oportunidades e ideias em eventos de sucesso. Conhe\u00e7a nossos cases e veja como entregamos solu\u00e7\u00f5es inovadoras com precis\u00e3o e excel\u00eancia. SENAI &#8211; CIMATEC\/SP O projeto SENAI &#8211; CIMATEC refor\u00e7a nossa expertise em gerenciar opera\u00e7\u00f5es log\u00edsticas complexas. A New Expo coordenou o [&hellip;]<\/p>\n","protected":false},"author":1,"featured_media":0,"parent":0,"menu_order":0,"comment_status":"closed","ping_status":"closed","template":"elementor_header_footer","meta":{"footnotes":""},"class_list":["post-4840","page","type-page","status-publish","hentry"],"_links":{"self":[{"href":"https:\/\/newexpo.com.br\/en\/wp-json\/wp\/v2\/pages\/4840","targetHints":{"allow":["GET"]}}],"collection":[{"href":"https:\/\/newexpo.com.br\/en\/wp-json\/wp\/v2\/pages"}],"about":[{"href":"https:\/\/newexpo.com.br\/en\/wp-json\/wp\/v2\/types\/page"}],"author":[{"embeddable":true,"href":"https:\/\/newexpo.com.br\/en\/wp-json\/wp\/v2\/users\/1"}],"replies":[{"embeddable":true,"href":"https:\/\/newexpo.com.br\/en\/wp-json\/wp\/v2\/comments?post=4840"}],"version-history":[{"count":46,"href":"https:\/\/newexpo.com.br\/en\/wp-json\/wp\/v2\/pages\/4840\/revisions"}],"predecessor-version":[{"id":5205,"href":"https:\/\/newexpo.com.br\/en\/wp-json\/wp\/v2\/pages\/4840\/revisions\/5205"}],"wp:attachment":[{"href":"https:\/\/newexpo.com.br\/en\/wp-json\/wp\/v2\/media?parent=4840"}],"curies":[{"name":"wp","href":"https:\/\/api.w.org\/{rel}","templated":true}]}}