{"id":5347,"date":"2025-07-31T15:21:38","date_gmt":"2025-07-31T18:21:38","guid":{"rendered":"https:\/\/newexpo.com.br\/?page_id=5347"},"modified":"2025-07-31T18:00:06","modified_gmt":"2025-07-31T21:00:06","slug":"links","status":"publish","type":"page","link":"https:\/\/newexpo.com.br\/en\/links\/","title":{"rendered":"Links"},"content":{"rendered":"<div data-elementor-type=\"wp-page\" data-elementor-id=\"5347\" class=\"elementor elementor-5347\" data-elementor-post-type=\"page\">\n\t\t\t\t<div class=\"elementor-element elementor-element-9727e4c e-con-full e-flex e-con e-parent\" data-id=\"9727e4c\" data-element_type=\"container\" data-e-type=\"container\">\n\t\t\t\t<div class=\"elementor-element elementor-element-709294c elementor-widget-mobile__width-initial elementor-widget elementor-widget-image\" data-id=\"709294c\" data-element_type=\"widget\" data-e-type=\"widget\" data-widget_type=\"image.default\">\n\t\t\t\t\t\t\t\t\t\t\t\t\t\t\t<img fetchpriority=\"high\" decoding=\"async\" width=\"1000\" height=\"1000\" src=\"https:\/\/newexpo.com.br\/wp-content\/uploads\/2025\/07\/NewExpo_Green.png\" class=\"attachment-full size-full wp-image-5438\" alt=\"Newexpo Green - Empresa de Log\u00edstica em S\u00e3o Paulo | New Expo\" srcset=\"https:\/\/newexpo.com.br\/wp-content\/uploads\/2025\/07\/NewExpo_Green.png 1000w, https:\/\/newexpo.com.br\/wp-content\/uploads\/2025\/07\/NewExpo_Green-300x300.png 300w, https:\/\/newexpo.com.br\/wp-content\/uploads\/2025\/07\/NewExpo_Green-150x150.png 150w, https:\/\/newexpo.com.br\/wp-content\/uploads\/2025\/07\/NewExpo_Green-768x768.png 768w\" sizes=\"(max-width: 1000px) 100vw, 1000px\" \/>\t\t\t\t\t\t\t\t\t\t\t\t\t\t\t<\/div>\n\t\t\t\t<div class=\"elementor-element elementor-element-e70cf9d elementor-widget elementor-widget-heading\" data-id=\"e70cf9d\" data-element_type=\"widget\" data-e-type=\"widget\" data-widget_type=\"heading.default\">\n\t\t\t\t\t<h2 class=\"elementor-heading-title elementor-size-default\">@newexpologistica<\/h2>\t\t\t\t<\/div>\n\t\t\t\t<div class=\"elementor-element elementor-element-0e919d4 elementor-widget elementor-widget-heading\" data-id=\"0e919d4\" data-element_type=\"widget\" data-e-type=\"widget\" data-widget_type=\"heading.default\">\n\t\t\t\t\t<h2 class=\"elementor-heading-title elementor-size-default\">New Expo Log\u00edstica<\/h2>\t\t\t\t<\/div>\n\t\t\t\t<div class=\"elementor-element elementor-element-4f54c8c elementor-widget-mobile__width-initial elementor-widget elementor-widget-image\" data-id=\"4f54c8c\" data-element_type=\"widget\" data-e-type=\"widget\" data-widget_type=\"image.default\">\n\t\t\t\t\t\t\t\t\t\t\t\t\t\t\t<img decoding=\"async\" width=\"703\" height=\"235\" src=\"https:\/\/newexpo.com.br\/wp-content\/uploads\/2025\/07\/Nosso-WhatsApp-2-1.png\" class=\"attachment-full size-full wp-image-5421\" alt=\"Nosso Whatsapp (2) - Empresa de Log\u00edstica em S\u00e3o Paulo | New Expo\" srcset=\"https:\/\/newexpo.com.br\/wp-content\/uploads\/2025\/07\/Nosso-WhatsApp-2-1.png 703w, https:\/\/newexpo.com.br\/wp-content\/uploads\/2025\/07\/Nosso-WhatsApp-2-1-300x100.png 300w\" sizes=\"(max-width: 703px) 100vw, 703px\" \/>\t\t\t\t\t\t\t\t\t\t\t\t\t\t\t<\/div>\n\t\t\t\t<div class=\"elementor-element elementor-element-078a7a7 elementor-widget-mobile__width-initial elementor-widget elementor-widget-image\" data-id=\"078a7a7\" data-element_type=\"widget\" data-e-type=\"widget\" data-widget_type=\"image.default\">\n\t\t\t\t\t\t\t\t\t\t\t\t\t\t\t<img decoding=\"async\" width=\"703\" height=\"235\" src=\"https:\/\/newexpo.com.br\/wp-content\/uploads\/2025\/07\/Nosso-WhatsApp-7.png\" class=\"attachment-full size-full wp-image-5407\" alt=\"Nosso Whatsapp - Empresa de Log\u00edstica em S\u00e3o Paulo | New Expo\" srcset=\"https:\/\/newexpo.com.br\/wp-content\/uploads\/2025\/07\/Nosso-WhatsApp-7.png 703w, https:\/\/newexpo.com.br\/wp-content\/uploads\/2025\/07\/Nosso-WhatsApp-7-300x100.png 300w\" sizes=\"(max-width: 703px) 100vw, 703px\" \/>\t\t\t\t\t\t\t\t\t\t\t\t\t\t\t<\/div>\n\t\t\t\t<div class=\"elementor-element elementor-element-ac55e7c elementor-widget-mobile__width-initial elementor-widget elementor-widget-image\" data-id=\"ac55e7c\" data-element_type=\"widget\" data-e-type=\"widget\" data-widget_type=\"image.default\">\n\t\t\t\t\t\t\t\t\t\t\t\t\t\t\t<img loading=\"lazy\" decoding=\"async\" width=\"703\" height=\"235\" src=\"https:\/\/newexpo.com.br\/wp-content\/uploads\/2025\/07\/Nosso-WhatsApp-1-1.png\" class=\"attachment-full size-full wp-image-5417\" alt=\"Nosso Whatsapp (1) - Empresa de Log\u00edstica em S\u00e3o Paulo | New Expo\" srcset=\"https:\/\/newexpo.com.br\/wp-content\/uploads\/2025\/07\/Nosso-WhatsApp-1-1.png 703w, https:\/\/newexpo.com.br\/wp-content\/uploads\/2025\/07\/Nosso-WhatsApp-1-1-300x100.png 300w\" sizes=\"(max-width: 703px) 100vw, 703px\" \/>\t\t\t\t\t\t\t\t\t\t\t\t\t\t\t<\/div>\n\t\t\t\t<div class=\"elementor-element elementor-element-0d059bb elementor-widget-mobile__width-initial elementor-widget elementor-widget-image\" data-id=\"0d059bb\" data-element_type=\"widget\" data-e-type=\"widget\" data-widget_type=\"image.default\">\n\t\t\t\t\t\t\t\t\t\t\t\t\t\t\t<img loading=\"lazy\" decoding=\"async\" width=\"703\" height=\"235\" src=\"https:\/\/newexpo.com.br\/wp-content\/uploads\/2025\/07\/Nosso-WhatsApp-4-1.png\" class=\"attachment-full size-full wp-image-5419\" alt=\"Nosso Whatsapp (4) - Empresa de Log\u00edstica em S\u00e3o Paulo | New Expo\" srcset=\"https:\/\/newexpo.com.br\/wp-content\/uploads\/2025\/07\/Nosso-WhatsApp-4-1.png 703w, https:\/\/newexpo.com.br\/wp-content\/uploads\/2025\/07\/Nosso-WhatsApp-4-1-300x100.png 300w\" sizes=\"(max-width: 703px) 100vw, 703px\" \/>\t\t\t\t\t\t\t\t\t\t\t\t\t\t\t<\/div>\n\t\t\t\t<div class=\"elementor-element elementor-element-6ef4dbb elementor-widget-mobile__width-initial elementor-widget elementor-widget-image\" data-id=\"6ef4dbb\" data-element_type=\"widget\" data-e-type=\"widget\" data-widget_type=\"image.default\">\n\t\t\t\t\t\t\t\t\t\t\t\t\t\t\t<img loading=\"lazy\" decoding=\"async\" width=\"703\" height=\"235\" src=\"https:\/\/newexpo.com.br\/wp-content\/uploads\/2025\/07\/Nosso-WhatsApp-5-1.png\" class=\"attachment-full size-full wp-image-5418\" alt=\"Nosso Whatsapp (5) - Empresa de Log\u00edstica em S\u00e3o Paulo | New Expo\" srcset=\"https:\/\/newexpo.com.br\/wp-content\/uploads\/2025\/07\/Nosso-WhatsApp-5-1.png 703w, https:\/\/newexpo.com.br\/wp-content\/uploads\/2025\/07\/Nosso-WhatsApp-5-1-300x100.png 300w\" sizes=\"(max-width: 703px) 100vw, 703px\" \/>\t\t\t\t\t\t\t\t\t\t\t\t\t\t\t<\/div>\n\t\t\t\t<div class=\"elementor-element elementor-element-2e44a1f elementor-view-default elementor-widget elementor-widget-icon\" data-id=\"2e44a1f\" data-element_type=\"widget\" data-e-type=\"widget\" data-widget_type=\"icon.default\">\n\t\t\t\t\t\t\t<div class=\"elementor-icon-wrapper\">\n\t\t\t<div class=\"elementor-icon\">\n\t\t\t<svg aria-hidden=\"true\" class=\"e-font-icon-svg e-fas-map-marker-alt\" viewbox=\"0 0 384 512\" xmlns=\"http:\/\/www.w3.org\/2000\/svg\"><path d=\"M172.268 501.67C26.97 291.031 0 269.413 0 192 0 85.961 85.961 0 192 0s192 85.961 192 192c0 77.413-26.97 99.031-172.268 309.67-9.535 13.774-29.93 13.773-39.464 0zM192 272c44.183 0 80-35.817 80-80s-35.817-80-80-80-80 35.817-80 80 35.817 80 80 80z\"><\/path><\/svg>\t\t\t<\/div>\n\t\t<\/div>\n\t\t\t\t\t\t<\/div>\n\t\t\t\t<div class=\"elementor-element elementor-element-81642a7 elementor-widget elementor-widget-heading\" data-id=\"81642a7\" data-element_type=\"widget\" data-e-type=\"widget\" data-widget_type=\"heading.default\">\n\t\t\t\t\t<h4 class=\"elementor-heading-title elementor-size-default\">R. Apeninos, 429 \u2013 CJ. 1005 Aclima\u00e7\u00e3o | S\u00e3o Paulo \u2013 SP\n01533-000<\/h4>\t\t\t\t<\/div>\n\t\t\t\t<\/div>\n\t\t\t\t<\/div>","protected":false},"excerpt":{"rendered":"<p>@newexpologistica New Expo Log\u00edstica R. Apeninos, 429 \u2013 CJ. 1005 Aclima\u00e7\u00e3o | S\u00e3o Paulo \u2013 SP 01533-000<\/p>","protected":false},"author":5,"featured_media":5372,"parent":0,"menu_order":0,"comment_status":"closed","ping_status":"closed","template":"elementor_canvas","meta":{"footnotes":""},"class_list":["post-5347","page","type-page","status-publish","has-post-thumbnail","hentry"],"_links":{"self":[{"href":"https:\/\/newexpo.com.br\/en\/wp-json\/wp\/v2\/pages\/5347","targetHints":{"allow":["GET"]}}],"collection":[{"href":"https:\/\/newexpo.com.br\/en\/wp-json\/wp\/v2\/pages"}],"about":[{"href":"https:\/\/newexpo.com.br\/en\/wp-json\/wp\/v2\/types\/page"}],"author":[{"embeddable":true,"href":"https:\/\/newexpo.com.br\/en\/wp-json\/wp\/v2\/users\/5"}],"replies":[{"embeddable":true,"href":"https:\/\/newexpo.com.br\/en\/wp-json\/wp\/v2\/comments?post=5347"}],"version-history":[{"count":98,"href":"https:\/\/newexpo.com.br\/en\/wp-json\/wp\/v2\/pages\/5347\/revisions"}],"predecessor-version":[{"id":5494,"href":"https:\/\/newexpo.com.br\/en\/wp-json\/wp\/v2\/pages\/5347\/revisions\/5494"}],"wp:featuredmedia":[{"embeddable":true,"href":"https:\/\/newexpo.com.br\/en\/wp-json\/wp\/v2\/media\/5372"}],"wp:attachment":[{"href":"https:\/\/newexpo.com.br\/en\/wp-json\/wp\/v2\/media?parent=5347"}],"curies":[{"name":"wp","href":"https:\/\/api.w.org\/{rel}","templated":true}]}}