{"id":5917,"date":"2026-02-13T11:07:23","date_gmt":"2026-02-13T14:07:23","guid":{"rendered":"https:\/\/newexpo.com.br\/?page_id=5917"},"modified":"2026-03-01T20:04:43","modified_gmt":"2026-03-01T23:04:43","slug":"projetos-internacionais","status":"publish","type":"page","link":"https:\/\/newexpo.com.br\/en\/projetos-internacionais\/","title":{"rendered":"International projects"},"content":{"rendered":"\t\t<div data-elementor-type=\"wp-page\" data-elementor-id=\"5917\" class=\"elementor elementor-5917\" data-elementor-post-type=\"page\">\n\t\t\t\t<div class=\"elementor-element elementor-element-4e4d817 e-flex e-con-boxed e-con e-parent\" data-id=\"4e4d817\" data-element_type=\"container\" data-e-type=\"container\" data-settings=\"{&quot;background_background&quot;:&quot;classic&quot;}\">\n\t\t\t\t\t<div class=\"e-con-inner\">\n\t\t<div class=\"elementor-element elementor-element-95c483a e-con-full e-flex e-con e-child\" data-id=\"95c483a\" data-element_type=\"container\" data-e-type=\"container\">\n\t\t\t\t<div class=\"elementor-element elementor-element-32a3c03 elementor-widget elementor-widget-heading\" data-id=\"32a3c03\" data-element_type=\"widget\" data-e-type=\"widget\" data-widget_type=\"heading.default\">\n\t\t\t\t\t<h2 class=\"elementor-heading-title elementor-size-default\">Projetos internacionais<\/h2>\t\t\t\t<\/div>\n\t\t\t\t<\/div>\n\t\t\t\t\t<\/div>\n\t\t\t\t<\/div>\n\t\t<div class=\"elementor-element elementor-element-5e36a54 e-flex e-con-boxed e-con e-parent\" data-id=\"5e36a54\" data-element_type=\"container\" data-e-type=\"container\" data-settings=\"{&quot;background_background&quot;:&quot;classic&quot;}\">\n\t\t\t\t\t<div class=\"e-con-inner\">\n\t\t<div class=\"elementor-element elementor-element-6880507 e-con-full e-flex e-con e-child\" data-id=\"6880507\" data-element_type=\"container\" data-e-type=\"container\">\n\t\t\t\t<div class=\"elementor-element elementor-element-63e712e elementor-widget__width-initial scroll-left elementor-widget elementor-widget-heading\" data-id=\"63e712e\" data-element_type=\"widget\" data-e-type=\"widget\" data-widget_type=\"heading.default\">\n\t\t\t\t\t<h2 class=\"elementor-heading-title elementor-size-default\">Conectamos Projetos ao Mundo<\/h2>\t\t\t\t<\/div>\n\t\t\t\t<\/div>\n\t\t<div class=\"elementor-element elementor-element-934efb2 e-con-full e-flex e-con e-child\" data-id=\"934efb2\" data-element_type=\"container\" data-e-type=\"container\">\n\t\t\t\t<div class=\"elementor-element elementor-element-6e7baf2 scroll-right elementor-widget elementor-widget-text-editor\" data-id=\"6e7baf2\" data-element_type=\"widget\" data-e-type=\"widget\" data-widget_type=\"text-editor.default\">\n\t\t\t\t\t\t\t\t\t<p><span style=\"font-weight: 400;\">Opera\u00e7\u00f5es de importa\u00e7\u00e3o e exporta\u00e7\u00e3o a\u00e9rea e mar\u00edtima com rotas competitivas na Am\u00e9rica do Norte, Europa, \u00c1sia e demais continentes. Acompanhamento integral, parceiros qualificados e atendimento personalizado com respostas em at\u00e9 12 horas.<\/span><\/p>\t\t\t\t\t\t\t\t<\/div>\n\t\t\t\t<\/div>\n\t\t\t\t\t<\/div>\n\t\t\t\t<\/div>\n\t\t<div class=\"elementor-element elementor-element-aa97d36 e-flex e-con-boxed e-con e-parent\" data-id=\"aa97d36\" data-element_type=\"container\" data-e-type=\"container\" data-settings=\"{&quot;background_background&quot;:&quot;classic&quot;}\">\n\t\t\t\t\t<div class=\"e-con-inner\">\n\t\t<div class=\"elementor-element elementor-element-e38b879 e-con-full e-flex e-con e-child\" data-id=\"e38b879\" data-element_type=\"container\" data-e-type=\"container\">\n\t\t\t\t<div class=\"elementor-element elementor-element-bf3eb21 elementor-widget__width-initial scroll-bottom elementor-widget elementor-widget-heading\" data-id=\"bf3eb21\" data-element_type=\"widget\" data-e-type=\"widget\" data-widget_type=\"heading.default\">\n\t\t\t\t\t<h2 class=\"elementor-heading-title elementor-size-default\">A Unidade de Log\u00edstica<\/h2>\t\t\t\t<\/div>\n\t\t\t\t<div class=\"elementor-element elementor-element-6a3b2b2 scroll-bottom elementor-widget elementor-widget-text-editor\" data-id=\"6a3b2b2\" data-element_type=\"widget\" data-e-type=\"widget\" data-widget_type=\"text-editor.default\">\n\t\t\t\t\t\t\t\t\t<p><span style=\"font-weight: 400;\">\u00a0Internacional da New Expo nasceu da experi\u00eancia em atender os maiores eventos do mundo. Entendemos que cada projeto tem suas particularidades, prazos e exig\u00eancias \u00fanicas.<\/span><\/p>\t\t\t\t\t\t\t\t<\/div>\n\t\t\t\t<div class=\"elementor-element elementor-element-588d0ca scroll-bottom elementor-widget elementor-widget-text-editor\" data-id=\"588d0ca\" data-element_type=\"widget\" data-e-type=\"widget\" data-widget_type=\"text-editor.default\">\n\t\t\t\t\t\t\t\t\t<p><span style=\"font-weight: 400;\">Trabalhamos com uma rede mundial de agentes transit\u00e1rios de cargas, garantindo presen\u00e7a nos principais portos e aeroportos internacionais. Nosso diferencial est\u00e1 no acompanhamento integral: voc\u00ea tem um ponto de contato dedicado que conhece cada etapa da sua opera\u00e7\u00e3o.<\/span><\/p>\t\t\t\t\t\t\t\t<\/div>\n\t\t\t\t<div class=\"elementor-element elementor-element-77c0288 scroll-bottom elementor-widget elementor-widget-text-editor\" data-id=\"77c0288\" data-element_type=\"widget\" data-e-type=\"widget\" data-widget_type=\"text-editor.default\">\n\t\t\t\t\t\t\t\t\t<p><span style=\"font-weight: 400;\">Nosso modelo de trabalho prioriza a antecipa\u00e7\u00e3o. Em opera\u00e7\u00f5es de shows, entretenimento e defesa, coordenamos todo o processo para que sua carga chegue liberada. Em feiras e eventos, garantimos desembara\u00e7o \u00e1gil ap\u00f3s a chegada, com libera\u00e7\u00e3o em prazos reduzidos.<\/span><\/p>\t\t\t\t\t\t\t\t<\/div>\n\t\t<div class=\"elementor-element elementor-element-ae725a6 e-con-full e-flex e-con e-child\" data-id=\"ae725a6\" data-element_type=\"container\" data-e-type=\"container\">\n\t\t\t\t<div class=\"elementor-element elementor-element-bad63bb elementor-widget__width-initial scroll-bottom elementor-widget elementor-widget-heading\" data-id=\"bad63bb\" data-element_type=\"widget\" data-e-type=\"widget\" data-widget_type=\"heading.default\">\n\t\t\t\t\t<h2 class=\"elementor-heading-title elementor-size-default\">Diferenciais<\/h2>\t\t\t\t<\/div>\n\t\t<div class=\"elementor-element elementor-element-d8f1f2d e-con-full e-flex e-con e-child\" data-id=\"d8f1f2d\" data-element_type=\"container\" data-e-type=\"container\">\n\t\t<div class=\"elementor-element elementor-element-65f218c e-con-full scroll-left e-flex e-con e-child\" data-id=\"65f218c\" data-element_type=\"container\" data-e-type=\"container\" data-settings=\"{&quot;background_background&quot;:&quot;classic&quot;}\">\n\t\t\t\t<div class=\"elementor-element elementor-element-e11f421 elementor-widget elementor-widget-text-editor\" data-id=\"e11f421\" data-element_type=\"widget\" data-e-type=\"widget\" data-widget_type=\"text-editor.default\">\n\t\t\t\t\t\t\t\t\t<p><span style=\"font-weight: 400;\">Atendimento r\u00e1pido e personalizado, com respostas no mesmo dia.<\/span><\/p>\t\t\t\t\t\t\t\t<\/div>\n\t\t\t\t<\/div>\n\t\t<div class=\"elementor-element elementor-element-26ccd2e e-con-full scroll-right e-flex e-con e-child\" data-id=\"26ccd2e\" data-element_type=\"container\" data-e-type=\"container\" data-settings=\"{&quot;background_background&quot;:&quot;classic&quot;}\">\n\t\t\t\t<div class=\"elementor-element elementor-element-f9bf01b elementor-widget elementor-widget-text-editor\" data-id=\"f9bf01b\" data-element_type=\"widget\" data-e-type=\"widget\" data-widget_type=\"text-editor.default\">\n\t\t\t\t\t\t\t\t\t<p><span style=\"font-weight: 400;\">Acompanhamento dedicado do embarque \u00e0 entrega final.<\/span><\/p>\t\t\t\t\t\t\t\t<\/div>\n\t\t\t\t<\/div>\n\t\t\t\t<\/div>\n\t\t\t\t<\/div>\n\t\t\t\t<\/div>\n\t\t\t\t\t<\/div>\n\t\t\t\t<\/div>\n\t\t<div class=\"elementor-element elementor-element-d3b7ad9 borda-gradiente e-flex e-con-boxed e-con e-parent\" data-id=\"d3b7ad9\" data-element_type=\"container\" data-e-type=\"container\" data-settings=\"{&quot;background_background&quot;:&quot;classic&quot;}\">\n\t\t\t\t\t<div class=\"e-con-inner\">\n\t\t<div class=\"elementor-element elementor-element-ce92d86 e-con-full e-flex e-con e-child\" data-id=\"ce92d86\" data-element_type=\"container\" data-e-type=\"container\" data-settings=\"{&quot;sticky&quot;:&quot;top&quot;,&quot;sticky_parent&quot;:&quot;yes&quot;,&quot;sticky_on&quot;:[&quot;widescreen&quot;,&quot;desktop&quot;],&quot;sticky_offset&quot;:100,&quot;sticky_effects_offset&quot;:0,&quot;sticky_anchor_link_offset&quot;:0}\">\n\t\t\t\t<div class=\"elementor-element elementor-element-33c0647 elementor-widget-mobile__width-initial elementor-vertical-align-top elementor-widget elementor-widget-image-box\" data-id=\"33c0647\" data-element_type=\"widget\" data-e-type=\"widget\" data-widget_type=\"image-box.default\">\n\t\t\t\t\t<div class=\"elementor-image-box-wrapper\"><div class=\"elementor-image-box-content\"><h3 class=\"elementor-image-box-title\">Subdivis\u00f5es e Segmentos atendidos <span class=\"radial\"><\/span><\/h3><\/div><\/div>\t\t\t\t<\/div>\n\t\t\t\t<\/div>\n\t\t<div class=\"elementor-element elementor-element-d5728c8 e-con-full e-flex e-con e-child\" data-id=\"d5728c8\" data-element_type=\"container\" data-e-type=\"container\" data-settings=\"{&quot;background_background&quot;:&quot;classic&quot;}\">\n\t\t<div class=\"elementor-element elementor-element-c841927 e-con-full card e-flex e-con e-child\" data-id=\"c841927\" data-element_type=\"container\" data-e-type=\"container\" data-settings=\"{&quot;sticky&quot;:&quot;top&quot;,&quot;sticky_parent&quot;:&quot;yes&quot;,&quot;background_background&quot;:&quot;classic&quot;,&quot;sticky_on&quot;:[&quot;widescreen&quot;,&quot;desktop&quot;,&quot;laptop&quot;,&quot;tablet&quot;,&quot;mobile&quot;],&quot;sticky_offset&quot;:0,&quot;sticky_effects_offset&quot;:0,&quot;sticky_anchor_link_offset&quot;:0}\">\n\t\t\t\t<div class=\"elementor-element elementor-element-960a5d5 elementor-widget elementor-widget-icon-box\" data-id=\"960a5d5\" data-element_type=\"widget\" data-e-type=\"widget\" data-widget_type=\"icon-box.default\">\n\t\t\t\t\t\t\t<div class=\"elementor-icon-box-wrapper\">\n\n\t\t\t\n\t\t\t\t\t\t<div class=\"elementor-icon-box-content\">\n\n\t\t\t\t\t\t\t\t\t<h3 class=\"elementor-icon-box-title\">\n\t\t\t\t\t\t<span  >\n\t\t\t\t\t\t\tFeiras e Eventos Internacionais\t\t\t\t\t\t<\/span>\n\t\t\t\t\t<\/h3>\n\t\t\t\t\n\t\t\t\t\t\t\t\t\t<p class=\"elementor-icon-box-description\">\n\t\t\t\t\t\tLog\u00edstica completa para expositores internacionais, do pa\u00eds de origem at\u00e9 o stand. Regime de admiss\u00e3o tempor\u00e1ria, desembara\u00e7o especializado e opera\u00e7\u00e3o in loco no pavilh\u00e3o. Atendemos as principais feiras do Brasil: LAAD, Hospitalar, Feicon, entre outras.\t\t\t\t\t<\/p>\n\t\t\t\t\n\t\t\t<\/div>\n\t\t\t\n\t\t<\/div>\n\t\t\t\t\t\t<\/div>\n\t\t\t\t<\/div>\n\t\t<div class=\"elementor-element elementor-element-75c9086 e-con-full card e-flex e-con e-child\" data-id=\"75c9086\" data-element_type=\"container\" data-e-type=\"container\" data-settings=\"{&quot;sticky&quot;:&quot;top&quot;,&quot;sticky_parent&quot;:&quot;yes&quot;,&quot;background_background&quot;:&quot;classic&quot;,&quot;sticky_on&quot;:[&quot;widescreen&quot;,&quot;desktop&quot;,&quot;laptop&quot;,&quot;tablet&quot;,&quot;mobile&quot;],&quot;sticky_offset&quot;:0,&quot;sticky_effects_offset&quot;:0,&quot;sticky_anchor_link_offset&quot;:0}\">\n\t\t\t\t<div class=\"elementor-element elementor-element-b35499d elementor-widget elementor-widget-icon-box\" data-id=\"b35499d\" data-element_type=\"widget\" data-e-type=\"widget\" data-widget_type=\"icon-box.default\">\n\t\t\t\t\t\t\t<div class=\"elementor-icon-box-wrapper\">\n\n\t\t\t\n\t\t\t\t\t\t<div class=\"elementor-icon-box-content\">\n\n\t\t\t\t\t\t\t\t\t<h3 class=\"elementor-icon-box-title\">\n\t\t\t\t\t\t<span  >\n\t\t\t\t\t\t\tShows &amp; Live Events\t\t\t\t\t\t<\/span>\n\t\t\t\t\t<\/h3>\n\t\t\t\t\n\t\t\t\t\t\t\t\t\t<p class=\"elementor-icon-box-description\">\n\t\t\t\t\t\tSuporte 24\/7 para produ\u00e7\u00f5es de grande porte. Movimenta\u00e7\u00e3o de equipamentos de som, luz, cenografia e tudo que faz um show acontecer. Experi\u00eancia comprovada em Rock in Rio, Lollapalooza, turn\u00eas internacionais de grande porte.\t\t\t\t\t<\/p>\n\t\t\t\t\n\t\t\t<\/div>\n\t\t\t\n\t\t<\/div>\n\t\t\t\t\t\t<\/div>\n\t\t\t\t<\/div>\n\t\t<div class=\"elementor-element elementor-element-6a4b822 e-con-full card e-flex e-con e-child\" data-id=\"6a4b822\" data-element_type=\"container\" data-e-type=\"container\" data-settings=\"{&quot;sticky&quot;:&quot;top&quot;,&quot;sticky_parent&quot;:&quot;yes&quot;,&quot;background_background&quot;:&quot;classic&quot;,&quot;sticky_on&quot;:[&quot;widescreen&quot;,&quot;desktop&quot;,&quot;laptop&quot;,&quot;tablet&quot;,&quot;mobile&quot;],&quot;sticky_offset&quot;:0,&quot;sticky_effects_offset&quot;:0,&quot;sticky_anchor_link_offset&quot;:0}\">\n\t\t\t\t<div class=\"elementor-element elementor-element-f9ef1d0 elementor-widget elementor-widget-icon-box\" data-id=\"f9ef1d0\" data-element_type=\"widget\" data-e-type=\"widget\" data-widget_type=\"icon-box.default\">\n\t\t\t\t\t\t\t<div class=\"elementor-icon-box-wrapper\">\n\n\t\t\t\n\t\t\t\t\t\t<div class=\"elementor-icon-box-content\">\n\n\t\t\t\t\t\t\t\t\t<h3 class=\"elementor-icon-box-title\">\n\t\t\t\t\t\t<span  >\n\t\t\t\t\t\t\tEsportes\t\t\t\t\t\t<\/span>\n\t\t\t\t\t<\/h3>\n\t\t\t\t\n\t\t\t\t\t\t\t\t\t<p class=\"elementor-icon-box-description\">\n\t\t\t\t\t\tLog\u00edstica para eventos esportivos de alto n\u00edvel. Equipamentos, estruturas e materiais para competi\u00e7\u00f5es nacionais e internacionais. Expertise em opera\u00e7\u00f5es de F\u00f3rmula 1 e grandes eventos esportivos.\t\t\t\t\t<\/p>\n\t\t\t\t\n\t\t\t<\/div>\n\t\t\t\n\t\t<\/div>\n\t\t\t\t\t\t<\/div>\n\t\t\t\t<\/div>\n\t\t<div class=\"elementor-element elementor-element-3b79307 e-con-full card e-flex e-con e-child\" data-id=\"3b79307\" data-element_type=\"container\" data-e-type=\"container\" data-settings=\"{&quot;sticky&quot;:&quot;top&quot;,&quot;sticky_parent&quot;:&quot;yes&quot;,&quot;background_background&quot;:&quot;classic&quot;,&quot;sticky_on&quot;:[&quot;widescreen&quot;,&quot;desktop&quot;,&quot;laptop&quot;,&quot;tablet&quot;,&quot;mobile&quot;],&quot;sticky_offset&quot;:0,&quot;sticky_effects_offset&quot;:0,&quot;sticky_anchor_link_offset&quot;:0}\">\n\t\t\t\t<div class=\"elementor-element elementor-element-f83a2f9 elementor-widget elementor-widget-icon-box\" data-id=\"f83a2f9\" data-element_type=\"widget\" data-e-type=\"widget\" data-widget_type=\"icon-box.default\">\n\t\t\t\t\t\t\t<div class=\"elementor-icon-box-wrapper\">\n\n\t\t\t\n\t\t\t\t\t\t<div class=\"elementor-icon-box-content\">\n\n\t\t\t\t\t\t\t\t\t<h3 class=\"elementor-icon-box-title\">\n\t\t\t\t\t\t<span  >\n\t\t\t\t\t\t\tObras de Arte\t\t\t\t\t\t<\/span>\n\t\t\t\t\t<\/h3>\n\t\t\t\t\n\t\t\t\t\t\t\t\t\t<p class=\"elementor-icon-box-description\">\n\t\t\t\t\t\tTransporte especializado para pe\u00e7as de valor inestim\u00e1vel. Embalagens customizadas, climatiza\u00e7\u00e3o quando necess\u00e1rio e seguro integral. Parceiros qualificados para handling de obras delicadas.\t\t\t\t\t<\/p>\n\t\t\t\t\n\t\t\t<\/div>\n\t\t\t\n\t\t<\/div>\n\t\t\t\t\t\t<\/div>\n\t\t\t\t<\/div>\n\t\t\t\t<\/div>\n\t\t\t\t\t<\/div>\n\t\t\t\t<\/div>\n\t\t<div class=\"elementor-element elementor-element-a447095 e-flex e-con-boxed e-con e-parent\" data-id=\"a447095\" data-element_type=\"container\" data-e-type=\"container\">\n\t\t\t\t\t<div class=\"e-con-inner\">\n\t\t\t\t<div class=\"elementor-element elementor-element-0a1c1d8 elementor-widget elementor-widget-html\" data-id=\"0a1c1d8\" data-element_type=\"widget\" data-e-type=\"widget\" data-widget_type=\"html.default\">\n\t\t\t\t\t<script nowprocket>\n    const elementos = document.querySelectorAll('.scroll-left, .scroll-right, .scroll-bottom, .scroll-top');\n    const posicaoScroll = window.innerHeight * 0.5;\n    \n    function fadeScroll(){\n        elementos.forEach((elemento) => {\n            const elementoTop = elemento.getBoundingClientRect().top - posicaoScroll;\n        if(elementoTop < 120) {\n            elemento.classList.add('ativo');\n        }\n        else {\n            elemento.classList.remove('ativo');\n        }\n        })\n    }\n    \n    window.addEventListener('scroll', fadeScroll);\n<\/script>\t\t\t\t<\/div>\n\t\t\t\t\t<\/div>\n\t\t\t\t<\/div>\n\t\t\t\t<\/div>\n\t\t","protected":false},"excerpt":{"rendered":"<p>Projetos internacionais Conectamos Projetos ao Mundo Opera\u00e7\u00f5es de importa\u00e7\u00e3o e exporta\u00e7\u00e3o a\u00e9rea e mar\u00edtima com rotas competitivas na Am\u00e9rica do Norte, Europa, \u00c1sia e demais continentes. Acompanhamento integral, parceiros qualificados e atendimento personalizado com respostas em at\u00e9 12 horas. A Unidade de Log\u00edstica \u00a0Internacional da New Expo nasceu da experi\u00eancia em atender os maiores eventos [&hellip;]<\/p>\n","protected":false},"author":5,"featured_media":0,"parent":0,"menu_order":0,"comment_status":"closed","ping_status":"closed","template":"elementor_header_footer","meta":{"footnotes":""},"class_list":["post-5917","page","type-page","status-publish","hentry"],"_links":{"self":[{"href":"https:\/\/newexpo.com.br\/en\/wp-json\/wp\/v2\/pages\/5917","targetHints":{"allow":["GET"]}}],"collection":[{"href":"https:\/\/newexpo.com.br\/en\/wp-json\/wp\/v2\/pages"}],"about":[{"href":"https:\/\/newexpo.com.br\/en\/wp-json\/wp\/v2\/types\/page"}],"author":[{"embeddable":true,"href":"https:\/\/newexpo.com.br\/en\/wp-json\/wp\/v2\/users\/5"}],"replies":[{"embeddable":true,"href":"https:\/\/newexpo.com.br\/en\/wp-json\/wp\/v2\/comments?post=5917"}],"version-history":[{"count":58,"href":"https:\/\/newexpo.com.br\/en\/wp-json\/wp\/v2\/pages\/5917\/revisions"}],"predecessor-version":[{"id":6045,"href":"https:\/\/newexpo.com.br\/en\/wp-json\/wp\/v2\/pages\/5917\/revisions\/6045"}],"wp:attachment":[{"href":"https:\/\/newexpo.com.br\/en\/wp-json\/wp\/v2\/media?parent=5917"}],"curies":[{"name":"wp","href":"https:\/\/api.w.org\/{rel}","templated":true}]}}