{"id":5985,"date":"2026-02-23T05:18:01","date_gmt":"2026-02-23T08:18:01","guid":{"rendered":"https:\/\/newexpo.com.br\/?page_id=5985"},"modified":"2026-03-01T21:36:13","modified_gmt":"2026-03-02T00:36:13","slug":"governo-seguranca-e-defesa","status":"publish","type":"page","link":"https:\/\/newexpo.com.br\/en\/governo-seguranca-e-defesa\/","title":{"rendered":"Government, Security and Defense"},"content":{"rendered":"\t\t<div data-elementor-type=\"wp-page\" data-elementor-id=\"5985\" class=\"elementor elementor-5985\" data-elementor-post-type=\"page\">\n\t\t\t\t<div class=\"elementor-element elementor-element-4e4d817 e-flex e-con-boxed e-con e-parent\" data-id=\"4e4d817\" data-element_type=\"container\" data-e-type=\"container\" data-settings=\"{&quot;background_background&quot;:&quot;classic&quot;}\">\n\t\t\t\t\t<div class=\"e-con-inner\">\n\t\t<div class=\"elementor-element elementor-element-95c483a e-con-full e-flex e-con e-child\" data-id=\"95c483a\" data-element_type=\"container\" data-e-type=\"container\">\n\t\t\t\t<div class=\"elementor-element elementor-element-32a3c03 elementor-widget elementor-widget-heading\" data-id=\"32a3c03\" data-element_type=\"widget\" data-e-type=\"widget\" data-widget_type=\"heading.default\">\n\t\t\t\t\t<h2 class=\"elementor-heading-title elementor-size-default\">Governo, Seguran\u00e7a e Defesa<\/h2>\t\t\t\t<\/div>\n\t\t\t\t<\/div>\n\t\t\t\t\t<\/div>\n\t\t\t\t<\/div>\n\t\t<div class=\"elementor-element elementor-element-5e36a54 e-flex e-con-boxed e-con e-parent\" data-id=\"5e36a54\" data-element_type=\"container\" data-e-type=\"container\" data-settings=\"{&quot;background_background&quot;:&quot;classic&quot;}\">\n\t\t\t\t\t<div class=\"e-con-inner\">\n\t\t<div class=\"elementor-element elementor-element-6880507 e-con-full e-flex e-con e-child\" data-id=\"6880507\" data-element_type=\"container\" data-e-type=\"container\">\n\t\t\t\t<div class=\"elementor-element elementor-element-63e712e elementor-widget__width-initial scroll-left elementor-widget elementor-widget-heading\" data-id=\"63e712e\" data-element_type=\"widget\" data-e-type=\"widget\" data-widget_type=\"heading.default\">\n\t\t\t\t\t<h2 class=\"elementor-heading-title elementor-size-default\">Somos Especialistas<\/h2>\t\t\t\t<\/div>\n\t\t\t\t<\/div>\n\t\t<div class=\"elementor-element elementor-element-934efb2 e-con-full e-flex e-con e-child\" data-id=\"934efb2\" data-element_type=\"container\" data-e-type=\"container\">\n\t\t\t\t<div class=\"elementor-element elementor-element-6e7baf2 scroll-right elementor-widget elementor-widget-text-editor\" data-id=\"6e7baf2\" data-element_type=\"widget\" data-e-type=\"widget\" data-widget_type=\"text-editor.default\">\n\t\t\t\t\t\t\t\t\t<p><span style=\"font-weight: 400;\">em fretamento mar\u00edtimo, atuamos na importa\u00e7\u00e3o e exporta\u00e7\u00e3o de materiais controlados \u2014 incluindo cargas perigosas das classes IMO 1.1 (explosivos) e IMO 5.1 (oxidantes) \u2014 al\u00e9m de equipamentos destinados ao setor de defesa.<\/span><\/p><p><span style=\"font-weight: 400;\">Operamos em 26 estados brasileiros e no Distrito Federal, mantendo parcerias de longa data com as principais for\u00e7as policiais e institui\u00e7\u00f5es de seguran\u00e7a p\u00fablica do pa\u00eds.<\/span><\/p>\t\t\t\t\t\t\t\t<\/div>\n\t\t\t\t<\/div>\n\t\t\t\t\t<\/div>\n\t\t\t\t<\/div>\n\t\t<div class=\"elementor-element elementor-element-aa97d36 e-flex e-con-boxed e-con e-parent\" data-id=\"aa97d36\" data-element_type=\"container\" data-e-type=\"container\" data-settings=\"{&quot;background_background&quot;:&quot;classic&quot;}\">\n\t\t\t\t\t<div class=\"e-con-inner\">\n\t\t<div class=\"elementor-element elementor-element-e38b879 e-con-full e-flex e-con e-child\" data-id=\"e38b879\" data-element_type=\"container\" data-e-type=\"container\">\n\t\t\t\t<div class=\"elementor-element elementor-element-bf3eb21 elementor-widget__width-initial scroll-bottom elementor-widget elementor-widget-heading\" data-id=\"bf3eb21\" data-element_type=\"widget\" data-e-type=\"widget\" data-widget_type=\"heading.default\">\n\t\t\t\t\t<h2 class=\"elementor-heading-title elementor-size-default\">A unidade GSD da New Expo<\/h2>\t\t\t\t<\/div>\n\t\t\t\t<div class=\"elementor-element elementor-element-6a3b2b2 scroll-right elementor-widget elementor-widget-text-editor\" data-id=\"6a3b2b2\" data-element_type=\"widget\" data-e-type=\"widget\" data-widget_type=\"text-editor.default\">\n\t\t\t\t\t\t\t\t\t<p><span style=\"font-weight: 400;\">\u00c9 refer\u00eancia em log\u00edstica nacional e internacional para os setores de defesa, cargas perigosas e seguran\u00e7a p\u00fablica. Desenvolvemos expertise \u00fanica no relacionamento com \u00f3rg\u00e3os governamentais e no cumprimento das rigorosas exig\u00eancias para movimenta\u00e7\u00e3o de materiais controlados.<\/span><\/p>\t\t\t\t\t\t\t\t<\/div>\n\t\t\t\t<div class=\"elementor-element elementor-element-588d0ca scroll-right elementor-widget elementor-widget-text-editor\" data-id=\"588d0ca\" data-element_type=\"widget\" data-e-type=\"widget\" data-widget_type=\"text-editor.default\">\n\t\t\t\t\t\t\t\t\t<p><span style=\"font-weight: 400;\">Apoiamos as principais for\u00e7as policiais do Brasil em opera\u00e7\u00f5es que envolvem transporte e nacionaliza\u00e7\u00e3o de materiais controlados, trabalhando em parceria com os maiores fabricantes globais de defesa.<\/span><\/p>\t\t\t\t\t\t\t\t<\/div>\n\t\t\t\t<div class=\"elementor-element elementor-element-77c0288 scroll-right elementor-widget elementor-widget-text-editor\" data-id=\"77c0288\" data-element_type=\"widget\" data-e-type=\"widget\" data-widget_type=\"text-editor.default\">\n\t\t\t\t\t\t\t\t\t<p><span style=\"font-weight: 400;\">Nossa equipe domina os processos junto ao Minist\u00e9rio da Defesa, Ex\u00e9rcito Brasileiro, Receita Federal e \u00f3rg\u00e3os anuentes, garantindo a conformidade total com a legisla\u00e7\u00e3o e a libera\u00e7\u00e3o no menor prazo poss\u00edvel.<\/span><\/p>\t\t\t\t\t\t\t\t<\/div>\n\t\t\t\t<\/div>\n\t\t\t\t\t<\/div>\n\t\t\t\t<\/div>\n\t\t<div class=\"elementor-element elementor-element-d3b7ad9 borda-gradiente e-flex e-con-boxed e-con e-parent\" data-id=\"d3b7ad9\" data-element_type=\"container\" data-e-type=\"container\" data-settings=\"{&quot;background_background&quot;:&quot;classic&quot;}\">\n\t\t\t\t\t<div class=\"e-con-inner\">\n\t\t<div class=\"elementor-element elementor-element-ce92d86 e-con-full e-flex e-con e-child\" data-id=\"ce92d86\" data-element_type=\"container\" data-e-type=\"container\" data-settings=\"{&quot;sticky&quot;:&quot;top&quot;,&quot;sticky_parent&quot;:&quot;yes&quot;,&quot;sticky_on&quot;:[&quot;widescreen&quot;,&quot;desktop&quot;],&quot;sticky_offset&quot;:100,&quot;sticky_effects_offset&quot;:0,&quot;sticky_anchor_link_offset&quot;:0}\">\n\t\t\t\t<div class=\"elementor-element elementor-element-33c0647 elementor-widget-mobile__width-initial elementor-vertical-align-top elementor-widget elementor-widget-image-box\" data-id=\"33c0647\" data-element_type=\"widget\" data-e-type=\"widget\" data-widget_type=\"image-box.default\">\n\t\t\t\t\t<div class=\"elementor-image-box-wrapper\"><div class=\"elementor-image-box-content\"><h3 class=\"elementor-image-box-title\">Servi\u00e7os Especializados <span class=\"radial\"><\/span><\/h3><\/div><\/div>\t\t\t\t<\/div>\n\t\t\t\t<\/div>\n\t\t<div class=\"elementor-element elementor-element-d5728c8 e-con-full e-flex e-con e-child\" data-id=\"d5728c8\" data-element_type=\"container\" data-e-type=\"container\" data-settings=\"{&quot;background_background&quot;:&quot;classic&quot;}\">\n\t\t<div class=\"elementor-element elementor-element-c841927 e-con-full card e-flex e-con e-child\" data-id=\"c841927\" data-element_type=\"container\" data-e-type=\"container\" data-settings=\"{&quot;sticky&quot;:&quot;top&quot;,&quot;sticky_parent&quot;:&quot;yes&quot;,&quot;background_background&quot;:&quot;classic&quot;,&quot;sticky_on&quot;:[&quot;widescreen&quot;,&quot;desktop&quot;,&quot;laptop&quot;,&quot;tablet&quot;,&quot;mobile&quot;],&quot;sticky_offset&quot;:0,&quot;sticky_effects_offset&quot;:0,&quot;sticky_anchor_link_offset&quot;:0}\">\n\t\t\t\t<div class=\"elementor-element elementor-element-960a5d5 elementor-widget elementor-widget-icon-box\" data-id=\"960a5d5\" data-element_type=\"widget\" data-e-type=\"widget\" data-widget_type=\"icon-box.default\">\n\t\t\t\t\t\t\t<div class=\"elementor-icon-box-wrapper\">\n\n\t\t\t\n\t\t\t\t\t\t<div class=\"elementor-icon-box-content\">\n\n\t\t\t\t\t\t\t\t\t<h3 class=\"elementor-icon-box-title\">\n\t\t\t\t\t\t<span  >\n\t\t\t\t\t\t\tLog\u00edstica de Material B\u00e9lico e Material Controlado\t\t\t\t\t\t<\/span>\n\t\t\t\t\t<\/h3>\n\t\t\t\t\n\t\t\t\t\t\t\t\t\t<p class=\"elementor-icon-box-description\">\n\t\t\t\t\t\tTransporte especializado de armamentos, explosivos, muni\u00e7\u00f5es e equipamentos de defesa com total conformidade legal. Rastreamento, seguro integral e equipe treinada para handling de materiais sens\u00edveis.\t\t\t\t\t<\/p>\n\t\t\t\t\n\t\t\t<\/div>\n\t\t\t\n\t\t<\/div>\n\t\t\t\t\t\t<\/div>\n\t\t\t\t<\/div>\n\t\t<div class=\"elementor-element elementor-element-75c9086 e-con-full card e-flex e-con e-child\" data-id=\"75c9086\" data-element_type=\"container\" data-e-type=\"container\" data-settings=\"{&quot;sticky&quot;:&quot;top&quot;,&quot;sticky_parent&quot;:&quot;yes&quot;,&quot;background_background&quot;:&quot;classic&quot;,&quot;sticky_on&quot;:[&quot;widescreen&quot;,&quot;desktop&quot;,&quot;laptop&quot;,&quot;tablet&quot;,&quot;mobile&quot;],&quot;sticky_offset&quot;:0,&quot;sticky_effects_offset&quot;:0,&quot;sticky_anchor_link_offset&quot;:0}\">\n\t\t\t\t<div class=\"elementor-element elementor-element-b35499d elementor-widget elementor-widget-icon-box\" data-id=\"b35499d\" data-element_type=\"widget\" data-e-type=\"widget\" data-widget_type=\"icon-box.default\">\n\t\t\t\t\t\t\t<div class=\"elementor-icon-box-wrapper\">\n\n\t\t\t\n\t\t\t\t\t\t<div class=\"elementor-icon-box-content\">\n\n\t\t\t\t\t\t\t\t\t<h3 class=\"elementor-icon-box-title\">\n\t\t\t\t\t\t<span  >\n\t\t\t\t\t\t\tConsultoria para Importa\u00e7\u00e3o de PCE\t\t\t\t\t\t<\/span>\n\t\t\t\t\t<\/h3>\n\t\t\t\t\n\t\t\t\t\t\t\t\t\t<p class=\"elementor-icon-box-description\">\n\t\t\t\t\t\tAssessoria completa para importa\u00e7\u00e3o de Produtos Controlados pelo Ex\u00e9rcito. Orientamos desde a obten\u00e7\u00e3o das licen\u00e7as at\u00e9 a nacionaliza\u00e7\u00e3o, reduzindo riscos e prazos.\t\t\t\t\t<\/p>\n\t\t\t\t\n\t\t\t<\/div>\n\t\t\t\n\t\t<\/div>\n\t\t\t\t\t\t<\/div>\n\t\t\t\t<\/div>\n\t\t<div class=\"elementor-element elementor-element-6a4b822 e-con-full card e-flex e-con e-child\" data-id=\"6a4b822\" data-element_type=\"container\" data-e-type=\"container\" data-settings=\"{&quot;sticky&quot;:&quot;top&quot;,&quot;sticky_parent&quot;:&quot;yes&quot;,&quot;background_background&quot;:&quot;classic&quot;,&quot;sticky_on&quot;:[&quot;widescreen&quot;,&quot;desktop&quot;,&quot;laptop&quot;,&quot;tablet&quot;,&quot;mobile&quot;],&quot;sticky_offset&quot;:0,&quot;sticky_effects_offset&quot;:0,&quot;sticky_anchor_link_offset&quot;:0}\">\n\t\t\t\t<div class=\"elementor-element elementor-element-f9ef1d0 elementor-widget elementor-widget-icon-box\" data-id=\"f9ef1d0\" data-element_type=\"widget\" data-e-type=\"widget\" data-widget_type=\"icon-box.default\">\n\t\t\t\t\t\t\t<div class=\"elementor-icon-box-wrapper\">\n\n\t\t\t\n\t\t\t\t\t\t<div class=\"elementor-icon-box-content\">\n\n\t\t\t\t\t\t\t\t\t<h3 class=\"elementor-icon-box-title\">\n\t\t\t\t\t\t<span  >\n\t\t\t\t\t\t\tDesembara\u00e7o Aduaneiro Especializado\t\t\t\t\t\t<\/span>\n\t\t\t\t\t<\/h3>\n\t\t\t\t\n\t\t\t\t\t\t\t\t\t<p class=\"elementor-icon-box-description\">\n\t\t\t\t\t\tEquipe t\u00e9cnica dedicada ao desembara\u00e7o de materiais controlados. Conhecimento profundo das exig\u00eancias do Ex\u00e9rcito Brasileiro e agilidade no processo junto \u00e0 Receita Federal.\t\t\t\t\t<\/p>\n\t\t\t\t\n\t\t\t<\/div>\n\t\t\t\n\t\t<\/div>\n\t\t\t\t\t\t<\/div>\n\t\t\t\t<\/div>\n\t\t\t\t<\/div>\n\t\t\t\t\t<\/div>\n\t\t\t\t<\/div>\n\t\t<div class=\"elementor-element elementor-element-a447095 e-flex e-con-boxed e-con e-parent\" data-id=\"a447095\" data-element_type=\"container\" data-e-type=\"container\">\n\t\t\t\t\t<div class=\"e-con-inner\">\n\t\t\t\t<div class=\"elementor-element elementor-element-0a1c1d8 elementor-widget elementor-widget-html\" data-id=\"0a1c1d8\" data-element_type=\"widget\" data-e-type=\"widget\" data-widget_type=\"html.default\">\n\t\t\t\t\t<script nowprocket>\n    const elementos = document.querySelectorAll('.scroll-left, .scroll-right, .scroll-bottom, .scroll-top');\n    const posicaoScroll = window.innerHeight * 0.5;\n    \n    function fadeScroll(){\n        elementos.forEach((elemento) => {\n            const elementoTop = elemento.getBoundingClientRect().top - posicaoScroll;\n        if(elementoTop < 120) {\n            elemento.classList.add('ativo');\n        }\n        else {\n            elemento.classList.remove('ativo');\n        }\n        })\n    }\n    \n    window.addEventListener('scroll', fadeScroll);\n<\/script>\t\t\t\t<\/div>\n\t\t\t\t\t<\/div>\n\t\t\t\t<\/div>\n\t\t<div class=\"elementor-element elementor-element-ffc6d42 e-flex e-con-boxed e-con e-parent\" data-id=\"ffc6d42\" data-element_type=\"container\" data-e-type=\"container\" data-settings=\"{&quot;background_background&quot;:&quot;classic&quot;}\">\n\t\t\t\t\t<div class=\"e-con-inner\">\n\t\t<div class=\"elementor-element elementor-element-f1e9d15 e-con-full e-flex e-con e-child\" data-id=\"f1e9d15\" data-element_type=\"container\" data-e-type=\"container\">\n\t\t\t\t<div class=\"elementor-element elementor-element-a09958a elementor-widget__width-initial scroll-bottom elementor-widget elementor-widget-heading\" data-id=\"a09958a\" data-element_type=\"widget\" data-e-type=\"widget\" data-widget_type=\"heading.default\">\n\t\t\t\t\t<h2 class=\"elementor-heading-title elementor-size-default\">Setores da economia atendidos<\/h2>\t\t\t\t<\/div>\n\t\t\t\t<div class=\"elementor-element elementor-element-9b2d387 scroll-bottom elementor-widget elementor-widget-text-editor\" data-id=\"9b2d387\" data-element_type=\"widget\" data-e-type=\"widget\" data-widget_type=\"text-editor.default\">\n\t\t\t\t\t\t\t\t\t<p><b>Atendemos os 26 estados da federa\u00e7\u00e3o <\/b><span style=\"font-weight: 400;\">com opera\u00e7\u00f5es ativas + Distrito Federal<\/span><\/p>\t\t\t\t\t\t\t\t<\/div>\n\t\t<div class=\"elementor-element elementor-element-fbd833c e-con-full e-flex e-con e-child\" data-id=\"fbd833c\" data-element_type=\"container\" data-e-type=\"container\">\n\t\t\t\t<div class=\"elementor-element elementor-element-1c3f02b elementor-widget__width-initial scroll-bottom elementor-widget elementor-widget-heading\" data-id=\"1c3f02b\" data-element_type=\"widget\" data-e-type=\"widget\" data-widget_type=\"heading.default\">\n\t\t\t\t\t<h2 class=\"elementor-heading-title elementor-size-default\">Pol\u00edcias, Bombeiros MIlitares, e Pol\u00edcia Federal<\/h2>\t\t\t\t<\/div>\n\t\t<div class=\"elementor-element elementor-element-5f65f37 e-con-full e-flex e-con e-child\" data-id=\"5f65f37\" data-element_type=\"container\" data-e-type=\"container\">\n\t\t\t\t<div class=\"elementor-element elementor-element-0a9dd18 elementor-widget-mobile__width-initial elementor-widget elementor-widget-counter\" data-id=\"0a9dd18\" data-element_type=\"widget\" data-e-type=\"widget\" data-widget_type=\"counter.default\">\n\t\t\t\t\t\t\t<div class=\"elementor-counter\">\n\t\t\t<div class=\"elementor-counter-title\">Pistolas importadas<\/div>\t\t\t<div class=\"elementor-counter-number-wrapper\">\n\t\t\t\t<span class=\"elementor-counter-number-prefix\">+<\/span>\n\t\t\t\t<span class=\"elementor-counter-number\" data-duration=\"2000\" data-to-value=\"4400\" data-from-value=\"0\" data-delimiter=\".\">0<\/span>\n\t\t\t\t<span class=\"elementor-counter-number-suffix\"><\/span>\n\t\t\t<\/div>\n\t\t<\/div>\n\t\t\t\t\t\t<\/div>\n\t\t\t\t<div class=\"elementor-element elementor-element-f938c98 elementor-widget-mobile__width-initial elementor-widget elementor-widget-counter\" data-id=\"f938c98\" data-element_type=\"widget\" data-e-type=\"widget\" data-widget_type=\"counter.default\">\n\t\t\t\t\t\t\t<div class=\"elementor-counter\">\n\t\t\t<div class=\"elementor-counter-title\">Coletes \u00e0 prova de balas importados<\/div>\t\t\t<div class=\"elementor-counter-number-wrapper\">\n\t\t\t\t<span class=\"elementor-counter-number-prefix\">+<\/span>\n\t\t\t\t<span class=\"elementor-counter-number\" data-duration=\"2000\" data-to-value=\"10000\" data-from-value=\"0\" data-delimiter=\".\">0<\/span>\n\t\t\t\t<span class=\"elementor-counter-number-suffix\"><\/span>\n\t\t\t<\/div>\n\t\t<\/div>\n\t\t\t\t\t\t<\/div>\n\t\t\t\t<div class=\"elementor-element elementor-element-63dabad elementor-widget-mobile__width-initial elementor-widget elementor-widget-counter\" data-id=\"63dabad\" data-element_type=\"widget\" data-e-type=\"widget\" data-widget_type=\"counter.default\">\n\t\t\t\t\t\t\t<div class=\"elementor-counter\">\n\t\t\t<div class=\"elementor-counter-title\">Carabinas importadas<\/div>\t\t\t<div class=\"elementor-counter-number-wrapper\">\n\t\t\t\t<span class=\"elementor-counter-number-prefix\">+<\/span>\n\t\t\t\t<span class=\"elementor-counter-number\" data-duration=\"2000\" data-to-value=\"690\" data-from-value=\"0\" data-delimiter=\",\">0<\/span>\n\t\t\t\t<span class=\"elementor-counter-number-suffix\"><\/span>\n\t\t\t<\/div>\n\t\t<\/div>\n\t\t\t\t\t\t<\/div>\n\t\t\t\t<div class=\"elementor-element elementor-element-bc2ebb5 elementor-widget-mobile__width-initial elementor-widget elementor-widget-counter\" data-id=\"bc2ebb5\" data-element_type=\"widget\" data-e-type=\"widget\" data-widget_type=\"counter.default\">\n\t\t\t\t\t\t\t<div class=\"elementor-counter\">\n\t\t\t<div class=\"elementor-counter-title\">Ve\u00edculos de combate a inc\u00eandio<\/div>\t\t\t<div class=\"elementor-counter-number-wrapper\">\n\t\t\t\t<span class=\"elementor-counter-number-prefix\"><\/span>\n\t\t\t\t<span class=\"elementor-counter-number\" data-duration=\"1000\" data-to-value=\"2\" data-from-value=\"0\" data-delimiter=\",\">0<\/span>\n\t\t\t\t<span class=\"elementor-counter-number-suffix\"><\/span>\n\t\t\t<\/div>\n\t\t<\/div>\n\t\t\t\t\t\t<\/div>\n\t\t\t\t<\/div>\n\t\t\t\t<\/div>\n\t\t\t\t<\/div>\n\t\t\t\t\t<\/div>\n\t\t\t\t<\/div>\n\t\t\t\t<\/div>\n\t\t","protected":false},"excerpt":{"rendered":"<p>Governo, Seguran\u00e7a e Defesa Somos Especialistas em fretamento mar\u00edtimo, atuamos na importa\u00e7\u00e3o e exporta\u00e7\u00e3o de materiais controlados \u2014 incluindo cargas perigosas das classes IMO 1.1 (explosivos) e IMO 5.1 (oxidantes) \u2014 al\u00e9m de equipamentos destinados ao setor de defesa. Operamos em 26 estados brasileiros e no Distrito Federal, mantendo parcerias de longa data com as [&hellip;]<\/p>\n","protected":false},"author":5,"featured_media":0,"parent":0,"menu_order":0,"comment_status":"closed","ping_status":"closed","template":"elementor_header_footer","meta":{"footnotes":""},"class_list":["post-5985","page","type-page","status-publish","hentry"],"_links":{"self":[{"href":"https:\/\/newexpo.com.br\/en\/wp-json\/wp\/v2\/pages\/5985","targetHints":{"allow":["GET"]}}],"collection":[{"href":"https:\/\/newexpo.com.br\/en\/wp-json\/wp\/v2\/pages"}],"about":[{"href":"https:\/\/newexpo.com.br\/en\/wp-json\/wp\/v2\/types\/page"}],"author":[{"embeddable":true,"href":"https:\/\/newexpo.com.br\/en\/wp-json\/wp\/v2\/users\/5"}],"replies":[{"embeddable":true,"href":"https:\/\/newexpo.com.br\/en\/wp-json\/wp\/v2\/comments?post=5985"}],"version-history":[{"count":13,"href":"https:\/\/newexpo.com.br\/en\/wp-json\/wp\/v2\/pages\/5985\/revisions"}],"predecessor-version":[{"id":6092,"href":"https:\/\/newexpo.com.br\/en\/wp-json\/wp\/v2\/pages\/5985\/revisions\/6092"}],"wp:attachment":[{"href":"https:\/\/newexpo.com.br\/en\/wp-json\/wp\/v2\/media?parent=5985"}],"curies":[{"name":"wp","href":"https:\/\/api.w.org\/{rel}","templated":true}]}}