{"id":5994,"date":"2026-02-23T05:38:59","date_gmt":"2026-02-23T08:38:59","guid":{"rendered":"https:\/\/newexpo.com.br\/?page_id=5994"},"modified":"2026-03-01T21:37:42","modified_gmt":"2026-03-02T00:37:42","slug":"general-cargo","status":"publish","type":"page","link":"https:\/\/newexpo.com.br\/en\/general-cargo\/","title":{"rendered":"General Cargo"},"content":{"rendered":"<div data-elementor-type=\"wp-page\" data-elementor-id=\"5994\" class=\"elementor elementor-5994\" data-elementor-post-type=\"page\">\n\t\t\t\t<div class=\"elementor-element elementor-element-4e4d817 e-flex e-con-boxed e-con e-parent\" data-id=\"4e4d817\" data-element_type=\"container\" data-e-type=\"container\" data-settings=\"{&quot;background_background&quot;:&quot;classic&quot;}\">\n\t\t\t\t\t<div class=\"e-con-inner\">\n\t\t<div class=\"elementor-element elementor-element-95c483a e-con-full e-flex e-con e-child\" data-id=\"95c483a\" data-element_type=\"container\" data-e-type=\"container\">\n\t\t\t\t<div class=\"elementor-element elementor-element-32a3c03 elementor-widget elementor-widget-heading\" data-id=\"32a3c03\" data-element_type=\"widget\" data-e-type=\"widget\" data-widget_type=\"heading.default\">\n\t\t\t\t\t<h2 class=\"elementor-heading-title elementor-size-default\">Log\u00edstica Nacional com Excel\u00eancia Internacional<\/h2>\t\t\t\t<\/div>\n\t\t\t\t<\/div>\n\t\t\t\t\t<\/div>\n\t\t\t\t<\/div>\n\t\t<div class=\"elementor-element elementor-element-5e36a54 e-flex e-con-boxed e-con e-parent\" data-id=\"5e36a54\" data-element_type=\"container\" data-e-type=\"container\" data-settings=\"{&quot;background_background&quot;:&quot;classic&quot;}\">\n\t\t\t\t\t<div class=\"e-con-inner\">\n\t\t<div class=\"elementor-element elementor-element-6880507 e-con-full e-flex e-con e-child\" data-id=\"6880507\" data-element_type=\"container\" data-e-type=\"container\">\n\t\t\t\t<div class=\"elementor-element elementor-element-63e712e elementor-widget__width-initial scroll-left elementor-widget elementor-widget-heading\" data-id=\"63e712e\" data-element_type=\"widget\" data-e-type=\"widget\" data-widget_type=\"heading.default\">\n\t\t\t\t\t<h2 class=\"elementor-heading-title elementor-size-default\">Transporte rodovi\u00e1rio e a\u00e9reo<\/h2>\t\t\t\t<\/div>\n\t\t\t\t<\/div>\n\t\t<div class=\"elementor-element elementor-element-934efb2 e-con-full e-flex e-con e-child\" data-id=\"934efb2\" data-element_type=\"container\" data-e-type=\"container\">\n\t\t\t\t<div class=\"elementor-element elementor-element-6e7baf2 scroll-right elementor-widget elementor-widget-text-editor\" data-id=\"6e7baf2\" data-element_type=\"widget\" data-e-type=\"widget\" data-widget_type=\"text-editor.default\">\n\t\t\t\t\t\t\t\t\t<p><span style=\"font-weight: 400;\">em todo o territ\u00f3rio brasileiro. Capilaridade nacional, rastreamento em tempo real e a qualidade New Expo em cada entrega.<\/span><\/p>\t\t\t\t\t\t\t\t<\/div>\n\t\t\t\t<\/div>\n\t\t\t\t\t<\/div>\n\t\t\t\t<\/div>\n\t\t<div class=\"elementor-element elementor-element-aa97d36 e-flex e-con-boxed e-con e-parent\" data-id=\"aa97d36\" data-element_type=\"container\" data-e-type=\"container\" data-settings=\"{&quot;background_background&quot;:&quot;classic&quot;}\">\n\t\t\t\t\t<div class=\"e-con-inner\">\n\t\t<div class=\"elementor-element elementor-element-e38b879 e-con-full e-flex e-con e-child\" data-id=\"e38b879\" data-element_type=\"container\" data-e-type=\"container\">\n\t\t\t\t<div class=\"elementor-element elementor-element-bf3eb21 elementor-widget__width-initial scroll-bottom elementor-widget elementor-widget-heading\" data-id=\"bf3eb21\" data-element_type=\"widget\" data-e-type=\"widget\" data-widget_type=\"heading.default\">\n\t\t\t\t\t<h2 class=\"elementor-heading-title elementor-size-default\">A unidade de General Cargo<\/h2>\t\t\t\t<\/div>\n\t\t\t\t<div class=\"elementor-element elementor-element-6a3b2b2 scroll-right elementor-widget elementor-widget-text-editor\" data-id=\"6a3b2b2\" data-element_type=\"widget\" data-e-type=\"widget\" data-widget_type=\"text-editor.default\">\n\t\t\t\t\t\t\t\t\t<p><span style=\"font-weight: 400;\">estende a experi\u00eancia e os padr\u00f5es de qualidade da New Expo para opera\u00e7\u00f5es de carga geral em todo o Brasil. Com origem em portos e aeroportos e destino em qualquer ponto do pa\u00eds, garantimos a mesma excel\u00eancia das nossas opera\u00e7\u00f5es especializadas.<\/span><\/p>\t\t\t\t\t\t\t\t<\/div>\n\t\t\t\t<div class=\"elementor-element elementor-element-588d0ca scroll-right elementor-widget elementor-widget-text-editor\" data-id=\"588d0ca\" data-element_type=\"widget\" data-e-type=\"widget\" data-widget_type=\"text-editor.default\">\n\t\t\t\t\t\t\t\t\t<p><span style=\"font-weight: 400;\">Todas as cargas s\u00e3o averbadas e seguem padr\u00e3o de Gerenciamento de Risco (PGR), com rastreamento conforme o valor transportado. Voc\u00ea sabe onde sua carga est\u00e1 e quando ela chegar\u00e1.<\/span><\/p>\t\t\t\t\t\t\t\t<\/div>\n\t\t\t\t<div class=\"elementor-element elementor-element-77c0288 scroll-right elementor-widget elementor-widget-text-editor\" data-id=\"77c0288\" data-element_type=\"widget\" data-e-type=\"widget\" data-widget_type=\"text-editor.default\">\n\t\t\t\t\t\t\t\t\t<p><span style=\"font-weight: 400;\">Para cargas especiais, contamos com parceiros qualificados para movimenta\u00e7\u00e3o de itens pesados, grandes m\u00e1quinas e equipamentos de dif\u00edcil transporte.<\/span><\/p>\t\t\t\t\t\t\t\t<\/div>\n\t\t<div class=\"elementor-element elementor-element-ae725a6 e-con-full e-flex e-con e-child\" data-id=\"ae725a6\" data-element_type=\"container\" data-e-type=\"container\">\n\t\t\t\t<div class=\"elementor-element elementor-element-bad63bb elementor-widget__width-initial scroll-bottom elementor-widget elementor-widget-heading\" data-id=\"bad63bb\" data-element_type=\"widget\" data-e-type=\"widget\" data-widget_type=\"heading.default\">\n\t\t\t\t\t<h2 class=\"elementor-heading-title elementor-size-default\">Diferenciais<\/h2>\t\t\t\t<\/div>\n\t\t<div class=\"elementor-element elementor-element-d8f1f2d e-con-full e-flex e-con e-child\" data-id=\"d8f1f2d\" data-element_type=\"container\" data-e-type=\"container\">\n\t\t<div class=\"elementor-element elementor-element-65f218c e-con-full scroll-left e-flex e-con e-child\" data-id=\"65f218c\" data-element_type=\"container\" data-e-type=\"container\" data-settings=\"{&quot;background_background&quot;:&quot;classic&quot;}\">\n\t\t\t\t<div class=\"elementor-element elementor-element-4565358 elementor-widget elementor-widget-image-box\" data-id=\"4565358\" data-element_type=\"widget\" data-e-type=\"widget\" data-widget_type=\"image-box.default\">\n\t\t\t\t\t<div class=\"elementor-image-box-wrapper\"><div class=\"elementor-image-box-content\"><h3 class=\"elementor-image-box-title\">Comunica\u00e7\u00e3o Transparente<\/h3><p class=\"elementor-image-box-description\">Atualizamos voc\u00ea na coleta e na entrega, com evid\u00eancias fotogr\u00e1ficas para sua tranquilidade.<\/p><\/div><\/div>\t\t\t\t<\/div>\n\t\t\t\t<\/div>\n\t\t<div class=\"elementor-element elementor-element-26ccd2e e-con-full scroll-right e-flex e-con e-child\" data-id=\"26ccd2e\" data-element_type=\"container\" data-e-type=\"container\" data-settings=\"{&quot;background_background&quot;:&quot;classic&quot;}\">\n\t\t\t\t<div class=\"elementor-element elementor-element-14d810f elementor-widget elementor-widget-image-box\" data-id=\"14d810f\" data-element_type=\"widget\" data-e-type=\"widget\" data-widget_type=\"image-box.default\">\n\t\t\t\t\t<div class=\"elementor-image-box-wrapper\"><div class=\"elementor-image-box-content\"><h3 class=\"elementor-image-box-title\">KPIs Monitorados<\/h3><p class=\"elementor-image-box-description\">Efici\u00eancia de coleta e entrega on-time constantemente acompanhados.<\/p><\/div><\/div>\t\t\t\t<\/div>\n\t\t\t\t<\/div>\n\t\t<div class=\"elementor-element elementor-element-ccb1665 e-con-full scroll-left e-flex e-con e-child\" data-id=\"ccb1665\" data-element_type=\"container\" data-e-type=\"container\" data-settings=\"{&quot;background_background&quot;:&quot;classic&quot;}\">\n\t\t\t\t<div class=\"elementor-element elementor-element-89cb322 elementor-widget elementor-widget-image-box\" data-id=\"89cb322\" data-element_type=\"widget\" data-e-type=\"widget\" data-widget_type=\"image-box.default\">\n\t\t\t\t\t<div class=\"elementor-image-box-wrapper\"><div class=\"elementor-image-box-content\"><h3 class=\"elementor-image-box-title\">Cargas Especiais<\/h3><p class=\"elementor-image-box-description\">Transportamos praticamente tudo, exceto explosivos e produtos Anvisa\/DAT.\n<\/p><\/div><\/div>\t\t\t\t<\/div>\n\t\t\t\t<\/div>\n\t\t<div class=\"elementor-element elementor-element-17c327f e-con-full scroll-right e-flex e-con e-child\" data-id=\"17c327f\" data-element_type=\"container\" data-e-type=\"container\" data-settings=\"{&quot;background_background&quot;:&quot;classic&quot;}\">\n\t\t\t\t<div class=\"elementor-element elementor-element-72f5f22 elementor-widget elementor-widget-image-box\" data-id=\"72f5f22\" data-element_type=\"widget\" data-e-type=\"widget\" data-widget_type=\"image-box.default\">\n\t\t\t\t\t<div class=\"elementor-image-box-wrapper\"><div class=\"elementor-image-box-content\"><h3 class=\"elementor-image-box-title\">Seguro Completo<\/h3><p class=\"elementor-image-box-description\">Todas as opera\u00e7\u00f5es coberturas por seguro de transporte.<\/p><\/div><\/div>\t\t\t\t<\/div>\n\t\t\t\t<\/div>\n\t\t\t\t<\/div>\n\t\t\t\t<\/div>\n\t\t\t\t<\/div>\n\t\t\t\t\t<\/div>\n\t\t\t\t<\/div>\n\t\t<div class=\"elementor-element elementor-element-a447095 e-flex e-con-boxed e-con e-parent\" data-id=\"a447095\" data-element_type=\"container\" data-e-type=\"container\">\n\t\t\t\t\t<div class=\"e-con-inner\">\n\t\t\t\t<div class=\"elementor-element elementor-element-0a1c1d8 elementor-widget elementor-widget-html\" data-id=\"0a1c1d8\" data-element_type=\"widget\" data-e-type=\"widget\" data-widget_type=\"html.default\">\n\t\t\t\t\t<script nowprocket>\n    const elementos = document.querySelectorAll('.scroll-left, .scroll-right, .scroll-bottom, .scroll-top');\n    const posicaoScroll = window.innerHeight * 0.5;\n    \n    function fadeScroll(){\n        elementos.forEach((elemento) => {\n            const elementoTop = elemento.getBoundingClientRect().top - posicaoScroll;\n        if(elementoTop < 120) {\n            elemento.classList.add('ativo');\n        }\n        else {\n            elemento.classList.remove('ativo');\n        }\n        })\n    }\n    \n    window.addEventListener('scroll', fadeScroll);\n<\/script>\t\t\t\t<\/div>\n\t\t\t\t\t<\/div>\n\t\t\t\t<\/div>\n\t\t\t\t<\/div>","protected":false},"excerpt":{"rendered":"<p>Log\u00edstica Nacional com Excel\u00eancia Internacional Transporte rodovi\u00e1rio e a\u00e9reo em todo o territ\u00f3rio brasileiro. Capilaridade nacional, rastreamento em tempo real e a qualidade New Expo em cada entrega. A unidade de General Cargo estende a experi\u00eancia e os padr\u00f5es de qualidade da New Expo para opera\u00e7\u00f5es de carga geral em todo o Brasil. Com origem [&hellip;]<\/p>\n","protected":false},"author":5,"featured_media":0,"parent":0,"menu_order":0,"comment_status":"closed","ping_status":"closed","template":"elementor_header_footer","meta":{"footnotes":""},"class_list":["post-5994","page","type-page","status-publish","hentry"],"_links":{"self":[{"href":"https:\/\/newexpo.com.br\/en\/wp-json\/wp\/v2\/pages\/5994","targetHints":{"allow":["GET"]}}],"collection":[{"href":"https:\/\/newexpo.com.br\/en\/wp-json\/wp\/v2\/pages"}],"about":[{"href":"https:\/\/newexpo.com.br\/en\/wp-json\/wp\/v2\/types\/page"}],"author":[{"embeddable":true,"href":"https:\/\/newexpo.com.br\/en\/wp-json\/wp\/v2\/users\/5"}],"replies":[{"embeddable":true,"href":"https:\/\/newexpo.com.br\/en\/wp-json\/wp\/v2\/comments?post=5994"}],"version-history":[{"count":13,"href":"https:\/\/newexpo.com.br\/en\/wp-json\/wp\/v2\/pages\/5994\/revisions"}],"predecessor-version":[{"id":6095,"href":"https:\/\/newexpo.com.br\/en\/wp-json\/wp\/v2\/pages\/5994\/revisions\/6095"}],"wp:attachment":[{"href":"https:\/\/newexpo.com.br\/en\/wp-json\/wp\/v2\/media?parent=5994"}],"curies":[{"name":"wp","href":"https:\/\/api.w.org\/{rel}","templated":true}]}}